{"id":3561,"date":"2020-12-01T00:10:21","date_gmt":"2020-11-30T23:10:21","guid":{"rendered":"https:\/\/dev2.mgvpublications.com\/produkt\/import-placeholder-for-5998\/"},"modified":"2022-06-08T10:41:20","modified_gmt":"2022-06-08T08:41:20","slug":"1984","status":"publish","type":"product","link":"https:\/\/mgvpublications.com\/de\/1984\/","title":{"rendered":"1984"},"content":{"rendered":"<p>\u00c7evirmen: Celal \u00dcster<br \/>Kapak: Utku Lomlu<br \/>Yay\u0131n Tarihi: 25.04.2019<br \/>Orijinal Ad\u0131: Nineteen Eighty-four<br \/>ISBN: 9789750718533<br \/>Dil: T\u00dcRK\u00c7E<br \/>Sayfa Say\u0131s\u0131: 352<br \/>Cilt Tipi: Karton Kapak<br \/>Ka\u011f\u0131t Cinsi: Kitap Ka\u011f\u0131d\u0131<br \/>Boyut: 12.5 x 19.5 cm<\/p>","protected":false},"excerpt":{"rendered":"<p>Parti\u2019nin d\u00fcnya g\u00f6r\u00fc\u015f\u00fc, onu hi\u00e7 anlayamayan insanlara \u00e7ok daha kolay dayat\u0131l\u0131yordu. (&#8230;) Her \u015feyi yutuyorlar ve hi\u00e7bir zarar g\u00f6rm\u00fcyorlard\u0131 \u00e7\u00fcnk\u00fc t\u0131pk\u0131 bir m\u0131s\u0131r tanesinin bir ku\u015fun bedeninden sindirilmeden ge\u00e7ip gitmesi gibi, yuttuklar\u0131ndan geriye bir \u015fey kalm\u0131yordu. George Orwell\u2019in k\u00fclt kitab\u0131 Bin Dokuz Y\u00fcz Seksen D\u00f6rt, yazar\u0131n gelece\u011fe ili\u015fkin bir k\u00e2bus senaryosudur. Bireyselli\u011fin yok edildi\u011fi, zihnin kontrol alt\u0131na al\u0131nd\u0131\u011f\u0131, insanlar\u0131n makinele\u015fmi\u015f kitlelere d\u00f6n\u00fc\u015ft\u00fcr\u00fcld\u00fc\u011f\u00fc totaliter bir d\u00fcnya d\u00fczeni, romanda inan\u0131lmaz bir hayal g\u00fcc\u00fcyle, en ince ayr\u0131nt\u0131s\u0131na kadar kurgulanm\u0131\u015ft\u0131r. Ge\u00e7mi\u015fte ve g\u00fcn\u00fcm\u00fczde d\u00fcnya sahnesinde tezg\u00e2hlanan oyunlar d\u00fc\u015f\u00fcn\u00fcld\u00fc\u011f\u00fcnde, \u00fctopik oldu\u011fu kadar ger\u00e7ek\u00e7i bir romand\u0131r Bin Dokuz Y\u00fcz Seksen D\u00f6rt. G\u00fcncelli\u011fini hi\u00e7bir zaman yitirmeyen bir ba\u015fyap\u0131tt\u0131r; yaln\u0131zca yar\u0131na de\u011fil, bug\u00fcne de ili\u015fkin bir uyar\u0131 \u00e7\u0131\u011fl\u0131\u011f\u0131d\u0131r.<\/p>","protected":false},"featured_media":23207,"template":"","meta":{"spay_email":""},"product_cat":[168],"product_tag":[],"item":[369],"acf":[],"_links":{"self":[{"href":"https:\/\/mgvpublications.com\/de\/wp-json\/wp\/v2\/product\/3561"}],"collection":[{"href":"https:\/\/mgvpublications.com\/de\/wp-json\/wp\/v2\/product"}],"about":[{"href":"https:\/\/mgvpublications.com\/de\/wp-json\/wp\/v2\/types\/product"}],"wp:featuredmedia":[{"embeddable":true,"href":"https:\/\/mgvpublications.com\/de\/wp-json\/wp\/v2\/media\/23207"}],"wp:attachment":[{"href":"https:\/\/mgvpublications.com\/de\/wp-json\/wp\/v2\/media?parent=3561"}],"wp:term":[{"taxonomy":"product_cat","embeddable":true,"href":"https:\/\/mgvpublications.com\/de\/wp-json\/wp\/v2\/product_cat?post=3561"},{"taxonomy":"product_tag","embeddable":true,"href":"https:\/\/mgvpublications.com\/de\/wp-json\/wp\/v2\/product_tag?post=3561"},{"taxonomy":"item","embeddable":true,"href":"https:\/\/mgvpublications.com\/de\/wp-json\/wp\/v2\/item?post=3561"}],"curies":[{"name":"wp","href":"https:\/\/api.w.org\/{rel}","templated":true}]}}