{"id":23513,"date":"2022-06-30T13:13:05","date_gmt":"2022-06-30T11:13:05","guid":{"rendered":"https:\/\/mgvpublications.com\/?post_type=product&#038;p=23513"},"modified":"2024-11-24T10:07:15","modified_gmt":"2024-11-24T09:07:15","slug":"yorumlar-19-paylas-curuk-ali-mikrop-necati-fircala-disi-bitir-isi","status":"publish","type":"product","link":"https:\/\/mgvpublications.com\/de\/yorumlar-19-paylas-curuk-ali-mikrop-necati-fircala-disi-bitir-isi\/","title":{"rendered":"Yorumlar 19 Payla\u015f \u00c7\u00fcr\u00fck Ali Mikrop Necati F\u0131r\u00e7ala Di\u015fi Bitir \u0130\u015fi"},"content":{"rendered":"<table>\n<tbody>\n<tr>\n<td>Yay\u0131n Tarihi:<\/td>\n<td>17.06.2020<\/td>\n<\/tr>\n<tr>\n<td>ISBN:<\/td>\n<td>9786057690982<\/td>\n<\/tr>\n<tr>\n<td>Dil:<\/td>\n<td>T\u00dcRK\u00c7E<\/td>\n<\/tr>\n<tr>\n<td>Sayfa Say\u0131s\u0131:<\/td>\n<td>160<\/td>\n<\/tr>\n<tr>\n<td>Cilt Tipi:<\/td>\n<td>Ciltli<\/td>\n<\/tr>\n<tr>\n<td>Ka\u011f\u0131t Cinsi:<\/td>\n<td>Kitap Ka\u011f\u0131d\u0131<\/td>\n<\/tr>\n<tr>\n<td>Boyut:<\/td>\n<td>13.5 x 21 cm<\/td>\n<\/tr>\n<\/tbody>\n<\/table>","protected":false},"excerpt":{"rendered":"<p>G\u00fcne\u015f yava\u015f yava\u015f do\u011fmaya ba\u015flad\u0131, mikroplar mahallesindeki odam\u0131n i\u00e7i iyice \u0131s\u0131nd\u0131. Bu tek bir \u015fey demek: Yemek vakti!<br \/>\n\u015eimdi can\u0131m arkada\u015f\u0131m Mikrop Necati ile yapmam\u0131z gereken \u015fey kendimize yiyecek dolu g\u00fczel bir a\u011f\u0131z bulmak.<br \/>\nBen kim miyim? Tabii ki \u00c7\u00fcr\u00fck Ali! Mikroplar aleminin birinci kral\u0131.<br \/>\nHaydi Necati, \u00e7\u00fcr\u00fct\u00fclecek di\u015fler bizi bekler!<\/p>","protected":false},"featured_media":14,"template":"","meta":{"spay_email":""},"product_cat":[172,169],"product_tag":[],"item":[1268],"acf":[],"_links":{"self":[{"href":"https:\/\/mgvpublications.com\/de\/wp-json\/wp\/v2\/product\/23513"}],"collection":[{"href":"https:\/\/mgvpublications.com\/de\/wp-json\/wp\/v2\/product"}],"about":[{"href":"https:\/\/mgvpublications.com\/de\/wp-json\/wp\/v2\/types\/product"}],"wp:featuredmedia":[{"embeddable":true,"href":"https:\/\/mgvpublications.com\/de\/wp-json\/wp\/v2\/pages\/14"}],"wp:attachment":[{"href":"https:\/\/mgvpublications.com\/de\/wp-json\/wp\/v2\/media?parent=23513"}],"wp:term":[{"taxonomy":"product_cat","embeddable":true,"href":"https:\/\/mgvpublications.com\/de\/wp-json\/wp\/v2\/product_cat?post=23513"},{"taxonomy":"product_tag","embeddable":true,"href":"https:\/\/mgvpublications.com\/de\/wp-json\/wp\/v2\/product_tag?post=23513"},{"taxonomy":"item","embeddable":true,"href":"https:\/\/mgvpublications.com\/de\/wp-json\/wp\/v2\/item?post=23513"}],"curies":[{"name":"wp","href":"https:\/\/api.w.org\/{rel}","templated":true}]}}