{"id":23505,"date":"2022-06-23T15:56:47","date_gmt":"2022-06-23T13:56:47","guid":{"rendered":"https:\/\/mgvpublications.com\/?post_type=product&#038;p=23505"},"modified":"2024-06-11T16:19:50","modified_gmt":"2024-06-11T14:19:50","slug":"tarihte-bir-gun-saray-gezisi","status":"publish","type":"product","link":"https:\/\/mgvpublications.com\/de\/tarihte-bir-gun-saray-gezisi\/","title":{"rendered":"Tarihte Bir G\u00fcn Saray Gezisi"},"content":{"rendered":"<hr \/>\n<div class=\"attributes\">\n<table>\n<tbody>\n<tr>\n<td>\u00c7evirmen:<\/td>\n<td><a href=\"https:\/\/www.kitapyurdu.com\/yazar\/e-gozde-donmez\/190671.html\" target=\"_blank\" rel=\"noopener\">E. G\u00f6zde D\u00f6nmez<\/a><\/td>\n<\/tr>\n<tr>\n<td>\u00c7izer:<\/td>\n<td><a href=\"https:\/\/www.kitapyurdu.com\/yazar\/astrid-vohwinkel\/192862.html\" target=\"_blank\" rel=\"noopener\">Astrid Vohwinkel<\/a><\/td>\n<\/tr>\n<tr>\n<td>Yay\u0131n Tarihi:<\/td>\n<td>25.07.2018<\/td>\n<\/tr>\n<tr>\n<td>ISBN:<\/td>\n<td>9786053328834<\/td>\n<\/tr>\n<tr>\n<td>Dil:<\/td>\n<td>T\u00dcRK\u00c7E<\/td>\n<\/tr>\n<tr>\n<td>Sayfa Say\u0131s\u0131:<\/td>\n<td>24<\/td>\n<\/tr>\n<tr>\n<td>Cilt Tipi:<\/td>\n<td>Karton Kapak<\/td>\n<\/tr>\n<tr>\n<td>Ka\u011f\u0131t Cinsi:<\/td>\n<td>Ku\u015fe Ka\u011f\u0131t<\/td>\n<\/tr>\n<tr>\n<td>Boyut:<\/td>\n<td>22 x 22 cm<\/td>\n<\/tr>\n<\/tbody>\n<\/table>\n<\/div>","protected":false},"excerpt":{"rendered":"<p>Prenses Marie ve Prens Clemens \u00e7ok heyecanl\u0131lar: sarayda muhte\u015fem bir yaz daveti d\u00fczenleniyor \u00e7\u00fcnk\u00fc! Saray\u0131n kubbeli b\u00fcy\u00fck salonunda pek \u00e7ok davetli topland\u0131. Saray hizmetkarlar\u0131 lezzetli yemekler servis etti. Saray m\u00fczisyenleri \u00e7ok g\u00fczel m\u00fczik par\u00e7alar\u0131 sundu.<\/p>","protected":false},"featured_media":23506,"template":"","meta":{"spay_email":""},"product_cat":[172],"product_tag":[],"item":[1947],"acf":[],"_links":{"self":[{"href":"https:\/\/mgvpublications.com\/de\/wp-json\/wp\/v2\/product\/23505"}],"collection":[{"href":"https:\/\/mgvpublications.com\/de\/wp-json\/wp\/v2\/product"}],"about":[{"href":"https:\/\/mgvpublications.com\/de\/wp-json\/wp\/v2\/types\/product"}],"wp:featuredmedia":[{"embeddable":true,"href":"https:\/\/mgvpublications.com\/de\/wp-json\/wp\/v2\/media\/23506"}],"wp:attachment":[{"href":"https:\/\/mgvpublications.com\/de\/wp-json\/wp\/v2\/media?parent=23505"}],"wp:term":[{"taxonomy":"product_cat","embeddable":true,"href":"https:\/\/mgvpublications.com\/de\/wp-json\/wp\/v2\/product_cat?post=23505"},{"taxonomy":"product_tag","embeddable":true,"href":"https:\/\/mgvpublications.com\/de\/wp-json\/wp\/v2\/product_tag?post=23505"},{"taxonomy":"item","embeddable":true,"href":"https:\/\/mgvpublications.com\/de\/wp-json\/wp\/v2\/item?post=23505"}],"curies":[{"name":"wp","href":"https:\/\/api.w.org\/{rel}","templated":true}]}}