{"id":23503,"date":"2022-06-23T15:52:34","date_gmt":"2022-06-23T13:52:34","guid":{"rendered":"https:\/\/mgvpublications.com\/?post_type=product&#038;p=23503"},"modified":"2024-06-11T16:33:19","modified_gmt":"2024-06-11T14:33:19","slug":"karistir-renklendir","status":"publish","type":"product","link":"https:\/\/mgvpublications.com\/de\/karistir-renklendir\/","title":{"rendered":"Kar\u0131\u015ft\u0131r Renklendir"},"content":{"rendered":"<table>\n<tbody>\n<tr>\n<td>Yay\u0131n Tarihi:<\/td>\n<td>03.09.2019<\/td>\n<\/tr>\n<tr>\n<td>ISBN:<\/td>\n<td>9786050830095<\/td>\n<\/tr>\n<tr>\n<td>Dil:<\/td>\n<td>T\u00dcRK\u00c7E<\/td>\n<\/tr>\n<tr>\n<td>Sayfa Say\u0131s\u0131:<\/td>\n<td>72<\/td>\n<\/tr>\n<tr>\n<td>Cilt Tipi:<\/td>\n<td>Karton Kapak<\/td>\n<\/tr>\n<tr>\n<td>Ka\u011f\u0131t Cinsi:<\/td>\n<td>Ku\u015fe Ka\u011f\u0131t<\/td>\n<\/tr>\n<tr>\n<td>Boyut:<\/td>\n<td>22 x 22 cm<\/td>\n<\/tr>\n<\/tbody>\n<\/table>","protected":false},"excerpt":{"rendered":"<div class=\"top-block\">\n<div class=\"pr_description\">\n<div id=\"description_text\" class=\"readmore-js-section readmore-js-expanded\"><span class=\"info__text\">Renkleri \u00f6\u011frenmenin en kolay ve en e\u011flenceli yolu!<br \/>\n<em>Kar\u0131\u015ft\u0131r, Renklendir<\/em>\u00a0ile \u00e7ocuklar ana renkleri ve ara renkleri interaktif bir \u015fekilde \u00f6\u011freniyor. Kitab\u0131\u00a0<em>salla<\/em>,\u00a0<em>yana yat\u0131r<\/em>,\u00a0<em>kapat<\/em>\u00a0ve renklerin iyice kar\u0131\u015fmas\u0131 i\u00e7in\u00a0<em>bast\u0131r<\/em>\u00a0gibi basit y\u00f6nergeleri takip ederek renk kar\u0131\u015f\u0131mlar\u0131n\u0131 ke\u015ffedecekleri bu macerada hi\u00e7bir \u015fey dijital de\u011fil. \u00c7ocu\u011funuzun hayal d\u00fcnyas\u0131nda renkler belirsin, kar\u0131\u015fs\u0131n ve s\u0131\u00e7ras\u0131n.<br \/>\nHerv\u00e9\u00a0Tullet,\u00a0<em>Binbir Oyun<\/em>\u2019da oldu\u011fu gibi kendine \u00f6zg\u00fc deh\u00e2s\u0131 ve y\u00f6ntemiyle, okuyucular\u0131n\u0131 her bir sayfada renklerle etkile\u015fimli bir yolculu\u011fa \u00e7\u0131kar\u0131yor.<br \/>\n\u00d6yleyse kimler parmaklar\u0131n\u0131 boyamaya haz\u0131r?<br \/>\n<\/span><\/div>\n<p><a class=\"readmore-js-toggle\" href=\"https:\/\/www.kitapyurdu.com\/#\">Gizle<\/a><\/div>\n<\/div>\n<div class=\"bottom-block\">\n<div class=\"pr_attributes\"><\/div>\n<\/div>","protected":false},"featured_media":23504,"template":"","meta":{"spay_email":""},"product_cat":[172],"product_tag":[],"item":[360],"acf":[],"_links":{"self":[{"href":"https:\/\/mgvpublications.com\/de\/wp-json\/wp\/v2\/product\/23503"}],"collection":[{"href":"https:\/\/mgvpublications.com\/de\/wp-json\/wp\/v2\/product"}],"about":[{"href":"https:\/\/mgvpublications.com\/de\/wp-json\/wp\/v2\/types\/product"}],"wp:featuredmedia":[{"embeddable":true,"href":"https:\/\/mgvpublications.com\/de\/wp-json\/wp\/v2\/media\/23504"}],"wp:attachment":[{"href":"https:\/\/mgvpublications.com\/de\/wp-json\/wp\/v2\/media?parent=23503"}],"wp:term":[{"taxonomy":"product_cat","embeddable":true,"href":"https:\/\/mgvpublications.com\/de\/wp-json\/wp\/v2\/product_cat?post=23503"},{"taxonomy":"product_tag","embeddable":true,"href":"https:\/\/mgvpublications.com\/de\/wp-json\/wp\/v2\/product_tag?post=23503"},{"taxonomy":"item","embeddable":true,"href":"https:\/\/mgvpublications.com\/de\/wp-json\/wp\/v2\/item?post=23503"}],"curies":[{"name":"wp","href":"https:\/\/api.w.org\/{rel}","templated":true}]}}