{"id":23499,"date":"2022-06-23T15:47:43","date_gmt":"2022-06-23T13:47:43","guid":{"rendered":"https:\/\/mgvpublications.com\/?post_type=product&#038;p=23499"},"modified":"2024-06-11T16:19:50","modified_gmt":"2024-06-11T14:19:50","slug":"ciftlik-oykuleri-buharli-tren","status":"publish","type":"product","link":"https:\/\/mgvpublications.com\/de\/ciftlik-oykuleri-buharli-tren\/","title":{"rendered":"\u00c7iftlik \u00d6yk\u00fcleri &#8211; Buharl\u0131 Tren"},"content":{"rendered":"<table>\n<tbody>\n<tr>\n<td>\u00c7evirmen:<\/td>\n<td><a href=\"https:\/\/www.kitapyurdu.com\/yazar\/sevgi-atlihan\/49115.html\" target=\"_blank\" rel=\"noopener\">Sevgi Atl\u0131han<\/a><\/td>\n<\/tr>\n<tr>\n<td>Yay\u0131n Tarihi:<\/td>\n<td>17.04.2019<\/td>\n<\/tr>\n<tr>\n<td>ISBN:<\/td>\n<td>9786053609155<\/td>\n<\/tr>\n<tr>\n<td>Dil:<\/td>\n<td>T\u00dcRK\u00c7E<\/td>\n<\/tr>\n<tr>\n<td>Sayfa Say\u0131s\u0131:<\/td>\n<td>16<\/td>\n<\/tr>\n<tr>\n<td>Cilt Tipi:<\/td>\n<td>Karton Kapak<\/td>\n<\/tr>\n<tr>\n<td>Ka\u011f\u0131t Cinsi:<\/td>\n<td>Ku\u015fe Ka\u011f\u0131t<\/td>\n<\/tr>\n<tr>\n<td>Boyut:<\/td>\n<td>22 x 22 cm<\/td>\n<\/tr>\n<\/tbody>\n<\/table>","protected":false},"excerpt":{"rendered":"<p>Gu\u0308zel bir Cumartesi gu\u0308nu\u0308, \u0130nci ile Ege k\u00f6y halk\u0131n\u0131n eski istasyonu yenilemesine yard\u0131m ettiler. \u0130\u015fler bittikten sonra ekibi e\u011flenceli bir su\u0308rpriz bekliyordu.<\/p>\n<p>E\u011flenceli resimlerle s\u00fcslenmi\u015f harika bir maceran\u0131n anlat\u0131ld\u0131\u011f\u0131 bu kitap, okumay\u0131 yeni \u00f6\u011frenen ya da \u00f6\u011frenmeye ba\u015flayan \u00e7ocuklar i\u00e7in haz\u0131rlanm\u0131\u015ft\u0131r.<\/p>\n<p>Ayr\u0131ca g\u00fczel \u00f6yk\u00fcleri seven minikler de bu kitaba bay\u0131lacak.<\/p>","protected":false},"featured_media":23500,"template":"","meta":{"spay_email":""},"product_cat":[172],"product_tag":[],"item":[1947],"acf":[],"_links":{"self":[{"href":"https:\/\/mgvpublications.com\/de\/wp-json\/wp\/v2\/product\/23499"}],"collection":[{"href":"https:\/\/mgvpublications.com\/de\/wp-json\/wp\/v2\/product"}],"about":[{"href":"https:\/\/mgvpublications.com\/de\/wp-json\/wp\/v2\/types\/product"}],"wp:featuredmedia":[{"embeddable":true,"href":"https:\/\/mgvpublications.com\/de\/wp-json\/wp\/v2\/media\/23500"}],"wp:attachment":[{"href":"https:\/\/mgvpublications.com\/de\/wp-json\/wp\/v2\/media?parent=23499"}],"wp:term":[{"taxonomy":"product_cat","embeddable":true,"href":"https:\/\/mgvpublications.com\/de\/wp-json\/wp\/v2\/product_cat?post=23499"},{"taxonomy":"product_tag","embeddable":true,"href":"https:\/\/mgvpublications.com\/de\/wp-json\/wp\/v2\/product_tag?post=23499"},{"taxonomy":"item","embeddable":true,"href":"https:\/\/mgvpublications.com\/de\/wp-json\/wp\/v2\/item?post=23499"}],"curies":[{"name":"wp","href":"https:\/\/api.w.org\/{rel}","templated":true}]}}