{"id":23492,"date":"2022-06-23T15:35:16","date_gmt":"2022-06-23T13:35:16","guid":{"rendered":"https:\/\/mgvpublications.com\/?post_type=product&#038;p=23492"},"modified":"2024-06-11T16:19:50","modified_gmt":"2024-06-11T14:19:50","slug":"kokpitte-bir-gun-dunyayi-ogreniyorum","status":"publish","type":"product","link":"https:\/\/mgvpublications.com\/de\/kokpitte-bir-gun-dunyayi-ogreniyorum\/","title":{"rendered":"Kokpitte Bir G\u00fcn \/ D\u00fcnyay\u0131 \u00d6\u011freniyorum"},"content":{"rendered":"<table>\n<tbody>\n<tr>\n<td>\u00c7evirmen:<\/td>\n<td><a href=\"https:\/\/www.kitapyurdu.com\/yazar\/aylin-gergin\/26756.html\" target=\"_blank\" rel=\"noopener\">Aylin Gergin<\/a><\/td>\n<\/tr>\n<tr>\n<td>Yay\u0131n Tarihi:<\/td>\n<td>17.03.2020<\/td>\n<\/tr>\n<tr>\n<td>Orijinal Ad\u0131:<\/td>\n<td>Ein Tag im Cockpit<\/td>\n<\/tr>\n<tr>\n<td>ISBN:<\/td>\n<td>9786257999670<\/td>\n<\/tr>\n<tr>\n<td>Dil:<\/td>\n<td>T\u00dcRK\u00c7E<\/td>\n<\/tr>\n<tr>\n<td>Sayfa Say\u0131s\u0131:<\/td>\n<td>24<\/td>\n<\/tr>\n<tr>\n<td>Cilt Tipi:<\/td>\n<td>Karton Kapak<\/td>\n<\/tr>\n<tr>\n<td>Ka\u011f\u0131t Cinsi:<\/td>\n<td>Ku\u015fe Ka\u011f\u0131t<\/td>\n<\/tr>\n<tr>\n<td>Boyut:<\/td>\n<td>22 x 22 cm<\/td>\n<\/tr>\n<\/tbody>\n<\/table>","protected":false},"excerpt":{"rendered":"<p>Day\u0131s\u0131, \u0130pek\u2019e do\u011fum g\u00fcn\u00fcnde harika bir s\u00fcrpriz yapt\u0131. \u0130pek pilot olan day\u0131s\u0131yla birlikte Paris\u2019e u\u00e7acakt\u0131. Hem de day\u0131s\u0131n\u0131n yan\u0131nda, kokpitte! Kontrol kulesinin g\u00f6revini, u\u00e7u\u015ftan \u00f6nce hangi haz\u0131rl\u0131klar\u0131n yap\u0131ld\u0131\u011f\u0131n\u0131 ve kokpitte neler oldu\u011funu \u00f6\u011frenen \u0130pek\u2019in \u015fimdi en b\u00fcy\u00fck dile\u011fi pilot olmak!<\/p>","protected":false},"featured_media":23493,"template":"","meta":{"spay_email":""},"product_cat":[172],"product_tag":[],"item":[1947],"acf":[],"_links":{"self":[{"href":"https:\/\/mgvpublications.com\/de\/wp-json\/wp\/v2\/product\/23492"}],"collection":[{"href":"https:\/\/mgvpublications.com\/de\/wp-json\/wp\/v2\/product"}],"about":[{"href":"https:\/\/mgvpublications.com\/de\/wp-json\/wp\/v2\/types\/product"}],"wp:featuredmedia":[{"embeddable":true,"href":"https:\/\/mgvpublications.com\/de\/wp-json\/wp\/v2\/media\/23493"}],"wp:attachment":[{"href":"https:\/\/mgvpublications.com\/de\/wp-json\/wp\/v2\/media?parent=23492"}],"wp:term":[{"taxonomy":"product_cat","embeddable":true,"href":"https:\/\/mgvpublications.com\/de\/wp-json\/wp\/v2\/product_cat?post=23492"},{"taxonomy":"product_tag","embeddable":true,"href":"https:\/\/mgvpublications.com\/de\/wp-json\/wp\/v2\/product_tag?post=23492"},{"taxonomy":"item","embeddable":true,"href":"https:\/\/mgvpublications.com\/de\/wp-json\/wp\/v2\/item?post=23492"}],"curies":[{"name":"wp","href":"https:\/\/api.w.org\/{rel}","templated":true}]}}