{"id":23490,"date":"2022-06-23T15:27:44","date_gmt":"2022-06-23T13:27:44","guid":{"rendered":"https:\/\/mgvpublications.com\/?post_type=product&#038;p=23490"},"modified":"2024-06-11T16:19:46","modified_gmt":"2024-06-11T14:19:46","slug":"iki-kocaman-gunes","status":"publish","type":"product","link":"https:\/\/mgvpublications.com\/de\/iki-kocaman-gunes\/","title":{"rendered":"\u0130ki Kocaman G\u00fcne\u015f"},"content":{"rendered":"<table>\n<tbody>\n<tr>\n<td>\u00c7izer:<\/td>\n<td><a href=\"https:\/\/www.kitapyurdu.com\/yazar\/bala-erfidan\/214132.html\" target=\"_blank\" rel=\"noopener\">Bala Erfidan<\/a><\/td>\n<\/tr>\n<tr>\n<td>Yay\u0131n Tarihi:<\/td>\n<td>05.11.2019<\/td>\n<\/tr>\n<tr>\n<td>ISBN:<\/td>\n<td>9786052297391<\/td>\n<\/tr>\n<tr>\n<td>Dil:<\/td>\n<td>T\u00dcRK\u00c7E<\/td>\n<\/tr>\n<tr>\n<td>Sayfa Say\u0131s\u0131:<\/td>\n<td>36<\/td>\n<\/tr>\n<tr>\n<td>Cilt Tipi:<\/td>\n<td>Karton Kapak<\/td>\n<\/tr>\n<tr>\n<td>Ka\u011f\u0131t Cinsi:<\/td>\n<td>Kitap Ka\u011f\u0131d\u0131<\/td>\n<\/tr>\n<tr>\n<td>Boyut:<\/td>\n<td>22 x 20.3 cm<\/td>\n<\/tr>\n<\/tbody>\n<\/table>","protected":false},"excerpt":{"rendered":"<p>Bir r\u00fczgar,<br \/>\n\u0130ki g\u00fcne\u015f,<br \/>\nVe Kar Kristali&#8217;nin \u0131\u015f\u0131lt\u0131l\u0131 yolculu\u011fu&#8230;<\/p>","protected":false},"featured_media":23491,"template":"","meta":{"spay_email":""},"product_cat":[172],"product_tag":[],"item":[1085],"acf":[],"_links":{"self":[{"href":"https:\/\/mgvpublications.com\/de\/wp-json\/wp\/v2\/product\/23490"}],"collection":[{"href":"https:\/\/mgvpublications.com\/de\/wp-json\/wp\/v2\/product"}],"about":[{"href":"https:\/\/mgvpublications.com\/de\/wp-json\/wp\/v2\/types\/product"}],"wp:featuredmedia":[{"embeddable":true,"href":"https:\/\/mgvpublications.com\/de\/wp-json\/wp\/v2\/media\/23491"}],"wp:attachment":[{"href":"https:\/\/mgvpublications.com\/de\/wp-json\/wp\/v2\/media?parent=23490"}],"wp:term":[{"taxonomy":"product_cat","embeddable":true,"href":"https:\/\/mgvpublications.com\/de\/wp-json\/wp\/v2\/product_cat?post=23490"},{"taxonomy":"product_tag","embeddable":true,"href":"https:\/\/mgvpublications.com\/de\/wp-json\/wp\/v2\/product_tag?post=23490"},{"taxonomy":"item","embeddable":true,"href":"https:\/\/mgvpublications.com\/de\/wp-json\/wp\/v2\/item?post=23490"}],"curies":[{"name":"wp","href":"https:\/\/api.w.org\/{rel}","templated":true}]}}