{"id":23488,"date":"2022-06-23T15:18:31","date_gmt":"2022-06-23T13:18:31","guid":{"rendered":"https:\/\/mgvpublications.com\/?post_type=product&#038;p=23488"},"modified":"2024-06-11T16:20:22","modified_gmt":"2024-06-11T14:20:22","slug":"hayvanlar-denizin-sevdigi-seyler-4","status":"publish","type":"product","link":"https:\/\/mgvpublications.com\/de\/hayvanlar-denizin-sevdigi-seyler-4\/","title":{"rendered":"Hayvanlar \/ Deniz&#8217;in Sevdi\u011fi \u015eeyler -4"},"content":{"rendered":"<div class=\"pr_header\"><\/div>\n<div class=\"pr_details__content\">\n<div class=\"pr_details__info\">\n<div class=\"bottom-block\">\n<div class=\"pr_attributes\">\n<hr \/>\n<div class=\"attributes\">\n<table>\n<tbody>\n<tr>\n<td>\u00c7izer:<\/td>\n<td><a href=\"https:\/\/www.kitapyurdu.com\/yazar\/mustafa-delioglu\/13272.html\" target=\"_blank\" rel=\"noopener\">Mustafa Delio\u011flu<\/a><\/td>\n<\/tr>\n<tr>\n<td>Yay\u0131n Tarihi:<\/td>\n<td>28.11.2017<\/td>\n<\/tr>\n<tr>\n<td>ISBN:<\/td>\n<td>9786054764600<\/td>\n<\/tr>\n<tr>\n<td>Dil:<\/td>\n<td>T\u00dcRK\u00c7E<\/td>\n<\/tr>\n<tr>\n<td>Sayfa Say\u0131s\u0131:<\/td>\n<td>16<\/td>\n<\/tr>\n<tr>\n<td>Cilt Tipi:<\/td>\n<td>Karton Kapak<\/td>\n<\/tr>\n<tr>\n<td>Ka\u011f\u0131t Cinsi:<\/td>\n<td>Ku\u015fe Ka\u011f\u0131t<\/td>\n<\/tr>\n<tr>\n<td>Di\u011fer \u00d6zellik:<\/td>\n<td>3-6 Ya\u015f<\/td>\n<\/tr>\n<\/tbody>\n<\/table>\n<\/div>\n<\/div>\n<\/div>\n<\/div>\n<\/div>","protected":false},"excerpt":{"rendered":"<p>Deniz oyuncak hayvanlar\u0131n\u0131 \u00e7ok sever.<br \/>\nYumu\u015fac\u0131k pandas\u0131na sar\u0131lmadan asla uyuyamaz.<\/p>","protected":false},"featured_media":23489,"template":"","meta":{"spay_email":""},"product_cat":[172],"product_tag":[],"item":[2060],"acf":[],"_links":{"self":[{"href":"https:\/\/mgvpublications.com\/de\/wp-json\/wp\/v2\/product\/23488"}],"collection":[{"href":"https:\/\/mgvpublications.com\/de\/wp-json\/wp\/v2\/product"}],"about":[{"href":"https:\/\/mgvpublications.com\/de\/wp-json\/wp\/v2\/types\/product"}],"wp:featuredmedia":[{"embeddable":true,"href":"https:\/\/mgvpublications.com\/de\/wp-json\/wp\/v2\/media\/23489"}],"wp:attachment":[{"href":"https:\/\/mgvpublications.com\/de\/wp-json\/wp\/v2\/media?parent=23488"}],"wp:term":[{"taxonomy":"product_cat","embeddable":true,"href":"https:\/\/mgvpublications.com\/de\/wp-json\/wp\/v2\/product_cat?post=23488"},{"taxonomy":"product_tag","embeddable":true,"href":"https:\/\/mgvpublications.com\/de\/wp-json\/wp\/v2\/product_tag?post=23488"},{"taxonomy":"item","embeddable":true,"href":"https:\/\/mgvpublications.com\/de\/wp-json\/wp\/v2\/item?post=23488"}],"curies":[{"name":"wp","href":"https:\/\/api.w.org\/{rel}","templated":true}]}}