{"id":23486,"date":"2022-06-23T15:04:31","date_gmt":"2022-06-23T13:04:31","guid":{"rendered":"https:\/\/mgvpublications.com\/?post_type=product&#038;p=23486"},"modified":"2024-06-11T16:20:25","modified_gmt":"2024-06-11T14:20:25","slug":"muzik-denizin-sevdigi-seyler-3","status":"publish","type":"product","link":"https:\/\/mgvpublications.com\/de\/muzik-denizin-sevdigi-seyler-3\/","title":{"rendered":"M\u00fczik \/ Deniz&#8217;in Sevdi\u011fi \u015eeyler -3"},"content":{"rendered":"<table>\n<tbody>\n<tr>\n<td>\u00c7izer:<\/td>\n<td><a href=\"https:\/\/www.kitapyurdu.com\/yazar\/mustafa-delioglu\/13272.html\" target=\"_blank\" rel=\"noopener\">Mustafa Delio\u011flu<\/a><\/td>\n<\/tr>\n<tr>\n<td>Yay\u0131n Tarihi:<\/td>\n<td>05.04.2017<\/td>\n<\/tr>\n<tr>\n<td>ISBN:<\/td>\n<td>9786054764624<\/td>\n<\/tr>\n<tr>\n<td>Dil:<\/td>\n<td>T\u00dcRK\u00c7E<\/td>\n<\/tr>\n<tr>\n<td>Sayfa Say\u0131s\u0131:<\/td>\n<td>16<\/td>\n<\/tr>\n<tr>\n<td>Cilt Tipi:<\/td>\n<td>Karton Kapak<\/td>\n<\/tr>\n<tr>\n<td>Ka\u011f\u0131t Cinsi:<\/td>\n<td>Ku\u015fe Ka\u011f\u0131t<\/td>\n<\/tr>\n<tr>\n<td>Di\u011fer \u00d6zellik:<\/td>\n<td>3-6 Ya\u015f<\/td>\n<\/tr>\n<\/tbody>\n<\/table>","protected":false},"excerpt":{"rendered":"<p>Bir b\u00f6cek sesi, bir ku\u015f \u00f6t\u00fc\u015f\u00fc, tatl\u0131 bir \u0131sl\u0131k sesi bile onu ne\u015felendirmeye yeter.<\/p>","protected":false},"featured_media":23487,"template":"","meta":{"spay_email":""},"product_cat":[172],"product_tag":[],"item":[2060],"acf":[],"_links":{"self":[{"href":"https:\/\/mgvpublications.com\/de\/wp-json\/wp\/v2\/product\/23486"}],"collection":[{"href":"https:\/\/mgvpublications.com\/de\/wp-json\/wp\/v2\/product"}],"about":[{"href":"https:\/\/mgvpublications.com\/de\/wp-json\/wp\/v2\/types\/product"}],"wp:featuredmedia":[{"embeddable":true,"href":"https:\/\/mgvpublications.com\/de\/wp-json\/wp\/v2\/media\/23487"}],"wp:attachment":[{"href":"https:\/\/mgvpublications.com\/de\/wp-json\/wp\/v2\/media?parent=23486"}],"wp:term":[{"taxonomy":"product_cat","embeddable":true,"href":"https:\/\/mgvpublications.com\/de\/wp-json\/wp\/v2\/product_cat?post=23486"},{"taxonomy":"product_tag","embeddable":true,"href":"https:\/\/mgvpublications.com\/de\/wp-json\/wp\/v2\/product_tag?post=23486"},{"taxonomy":"item","embeddable":true,"href":"https:\/\/mgvpublications.com\/de\/wp-json\/wp\/v2\/item?post=23486"}],"curies":[{"name":"wp","href":"https:\/\/api.w.org\/{rel}","templated":true}]}}