{"id":23484,"date":"2022-06-23T14:59:02","date_gmt":"2022-06-23T12:59:02","guid":{"rendered":"https:\/\/mgvpublications.com\/?post_type=product&#038;p=23484"},"modified":"2024-06-11T16:20:25","modified_gmt":"2024-06-11T14:20:25","slug":"oyuncak-denizin-sevdigi-seyler-2","status":"publish","type":"product","link":"https:\/\/mgvpublications.com\/de\/oyuncak-denizin-sevdigi-seyler-2\/","title":{"rendered":"Oyuncak \/ Deniz&#8217;in Sevdi\u011fi \u015eeyler -2"},"content":{"rendered":"<table>\n<tbody>\n<tr>\n<td>\u00c7izer:<\/td>\n<td><a href=\"https:\/\/www.kitapyurdu.com\/yazar\/mustafa-delioglu\/13272.html\" target=\"_blank\" rel=\"noopener\">Mustafa Delio\u011flu<\/a><\/td>\n<\/tr>\n<tr>\n<td>Yay\u0131n Tarihi:<\/td>\n<td>03.05.2013<\/td>\n<\/tr>\n<tr>\n<td>ISBN:<\/td>\n<td>9786054764327<\/td>\n<\/tr>\n<tr>\n<td>Dil:<\/td>\n<td>T\u00dcRK\u00c7E<\/td>\n<\/tr>\n<tr>\n<td>Sayfa Say\u0131s\u0131:<\/td>\n<td>16<\/td>\n<\/tr>\n<tr>\n<td>Cilt Tipi:<\/td>\n<td>Karton Kapak<\/td>\n<\/tr>\n<tr>\n<td>Ka\u011f\u0131t Cinsi:<\/td>\n<td>Ku\u015fe Ka\u011f\u0131t<\/td>\n<\/tr>\n<tr>\n<td>Di\u011fer \u00d6zellik:<\/td>\n<td>3-6 Ya\u015f<\/td>\n<\/tr>\n<\/tbody>\n<\/table>","protected":false},"excerpt":{"rendered":"<p>Deniz oyuncaklar\u0131n\u0131 \u00e7ok sever, onlarla her gu\u00a8n de\u011fi\u015fik oyunlar oynar.<\/p>","protected":false},"featured_media":23485,"template":"","meta":{"spay_email":""},"product_cat":[172],"product_tag":[],"item":[2060],"acf":[],"_links":{"self":[{"href":"https:\/\/mgvpublications.com\/de\/wp-json\/wp\/v2\/product\/23484"}],"collection":[{"href":"https:\/\/mgvpublications.com\/de\/wp-json\/wp\/v2\/product"}],"about":[{"href":"https:\/\/mgvpublications.com\/de\/wp-json\/wp\/v2\/types\/product"}],"wp:featuredmedia":[{"embeddable":true,"href":"https:\/\/mgvpublications.com\/de\/wp-json\/wp\/v2\/media\/23485"}],"wp:attachment":[{"href":"https:\/\/mgvpublications.com\/de\/wp-json\/wp\/v2\/media?parent=23484"}],"wp:term":[{"taxonomy":"product_cat","embeddable":true,"href":"https:\/\/mgvpublications.com\/de\/wp-json\/wp\/v2\/product_cat?post=23484"},{"taxonomy":"product_tag","embeddable":true,"href":"https:\/\/mgvpublications.com\/de\/wp-json\/wp\/v2\/product_tag?post=23484"},{"taxonomy":"item","embeddable":true,"href":"https:\/\/mgvpublications.com\/de\/wp-json\/wp\/v2\/item?post=23484"}],"curies":[{"name":"wp","href":"https:\/\/api.w.org\/{rel}","templated":true}]}}