{"id":23481,"date":"2022-06-23T12:26:06","date_gmt":"2022-06-23T10:26:06","guid":{"rendered":"https:\/\/mgvpublications.com\/?post_type=product&#038;p=23481"},"modified":"2024-06-11T16:20:25","modified_gmt":"2024-06-11T14:20:25","slug":"dogum-gunun-kutlu-olsun-tilda-elmacekirdegi","status":"publish","type":"product","link":"https:\/\/mgvpublications.com\/de\/dogum-gunun-kutlu-olsun-tilda-elmacekirdegi\/","title":{"rendered":"Do\u011fum G\u00fcn\u00fcn Kutlu Olsun! \/ Tilda Elma\u00e7ekirde\u011fi"},"content":{"rendered":"<table>\n<tbody>\n<tr>\n<td>\u00c7evirmen:<\/td>\n<td><a href=\"https:\/\/www.kitapyurdu.com\/yazar\/semra-pelek\/223637.html\" target=\"_blank\" rel=\"noopener\">Semra Pelek<\/a><\/td>\n<\/tr>\n<tr>\n<td>Yay\u0131n Tarihi:<\/td>\n<td>04.12.2015<\/td>\n<\/tr>\n<tr>\n<td>ISBN:<\/td>\n<td>9786052988831<\/td>\n<\/tr>\n<tr>\n<td>Dil:<\/td>\n<td>T\u00dcRK\u00c7E<\/td>\n<\/tr>\n<tr>\n<td>Sayfa Say\u0131s\u0131:<\/td>\n<td>28<\/td>\n<\/tr>\n<tr>\n<td>Cilt Tipi:<\/td>\n<td>Karton Kapak<\/td>\n<\/tr>\n<tr>\n<td>Ka\u011f\u0131t Cinsi:<\/td>\n<td>Kitap Ka\u011f\u0131d\u0131<\/td>\n<\/tr>\n<tr>\n<td>Boyut:<\/td>\n<td>20 x 20 cm<\/td>\n<\/tr>\n<\/tbody>\n<\/table>","protected":false},"excerpt":{"rendered":"<p>Tepelerin Arkas\u0131ndaki K\u00fc\u00e7\u00fck K\u00f6yde Neler Oluyor?<br \/>\nDo\u011fum g\u00fcn\u00fc m\u00fc?<br \/>\nHemen kutlamal\u0131y\u0131z bunu,\u00a0nefis bir pasta, f\u0131nd\u0131k-f\u0131st\u0131kla\u00a0ve en yak\u0131n arkada\u015f\u0131m\u0131zla elbette.\u00a0\u00dcstelik faremiz Tilda Elma\u00e7ekirde\u011fi<br \/>\ndo\u011fum g\u00fcn\u00fc \u00e7ocu\u011fu i\u00e7in\u00a0harika bir s\u00fcrpriz haz\u0131rl\u0131yor:<br \/>\nDo\u011fum g\u00fcn\u00fcn kutlu olsun!<\/p>","protected":false},"featured_media":23482,"template":"","meta":{"spay_email":""},"product_cat":[172],"product_tag":[],"item":[697],"acf":[],"_links":{"self":[{"href":"https:\/\/mgvpublications.com\/de\/wp-json\/wp\/v2\/product\/23481"}],"collection":[{"href":"https:\/\/mgvpublications.com\/de\/wp-json\/wp\/v2\/product"}],"about":[{"href":"https:\/\/mgvpublications.com\/de\/wp-json\/wp\/v2\/types\/product"}],"wp:featuredmedia":[{"embeddable":true,"href":"https:\/\/mgvpublications.com\/de\/wp-json\/wp\/v2\/media\/23482"}],"wp:attachment":[{"href":"https:\/\/mgvpublications.com\/de\/wp-json\/wp\/v2\/media?parent=23481"}],"wp:term":[{"taxonomy":"product_cat","embeddable":true,"href":"https:\/\/mgvpublications.com\/de\/wp-json\/wp\/v2\/product_cat?post=23481"},{"taxonomy":"product_tag","embeddable":true,"href":"https:\/\/mgvpublications.com\/de\/wp-json\/wp\/v2\/product_tag?post=23481"},{"taxonomy":"item","embeddable":true,"href":"https:\/\/mgvpublications.com\/de\/wp-json\/wp\/v2\/item?post=23481"}],"curies":[{"name":"wp","href":"https:\/\/api.w.org\/{rel}","templated":true}]}}