{"id":23476,"date":"2022-06-22T15:27:42","date_gmt":"2022-06-22T13:27:42","guid":{"rendered":"https:\/\/mgvpublications.com\/?post_type=product&#038;p=23476"},"modified":"2024-06-11T16:20:25","modified_gmt":"2024-06-11T14:20:25","slug":"ucmak-isteyen-balik","status":"publish","type":"product","link":"https:\/\/mgvpublications.com\/de\/ucmak-isteyen-balik\/","title":{"rendered":"U\u00e7mak \u0130steyen Bal\u0131k"},"content":{"rendered":"<table>\n<tbody>\n<tr>\n<td>\u00c7izer:<\/td>\n<td><a href=\"https:\/\/www.kitapyurdu.com\/yazar\/reha-baris\/150492.html\" target=\"_blank\" rel=\"noopener\">Reha Bar\u0131\u015f<\/a><\/td>\n<\/tr>\n<tr>\n<td>Yay\u0131n Tarihi:<\/td>\n<td>15.04.2019<\/td>\n<\/tr>\n<tr>\n<td>ISBN:<\/td>\n<td>9786054927050<\/td>\n<\/tr>\n<tr>\n<td>Dil:<\/td>\n<td>T\u00dcRK\u00c7E<\/td>\n<\/tr>\n<tr>\n<td>Sayfa Say\u0131s\u0131:<\/td>\n<td>36<\/td>\n<\/tr>\n<tr>\n<td>Cilt Tipi:<\/td>\n<td>Karton Kapak<\/td>\n<\/tr>\n<tr>\n<td>Ka\u011f\u0131t Cinsi:<\/td>\n<td>Ku\u015fe Ka\u011f\u0131t<\/td>\n<\/tr>\n<tr>\n<td>Di\u011fer \u00d6zellik:<\/td>\n<td>3-6 Ya\u015f<\/td>\n<\/tr>\n<\/tbody>\n<\/table>","protected":false},"excerpt":{"rendered":"<p>Benekli bal\u0131k annesiyle birlikte kum evinde ya\u015famaktad\u0131r. Bir g\u00fcn evinden d\u0131\u015far\u0131 \u00e7\u0131k\u0131nca kanatlar\u0131n\u0131 \u00e7\u0131rparak u\u00e7an mart\u0131ya hayran hayran bakar, ayn\u0131 onun gibi g\u00f6klerde u\u00e7mak ister.<br \/>\nG\u00f6zlerini yumar, y\u00fczge\u00e7lerini iki yana a\u00e7ar, t\u00fcm g\u00fcc\u00fcyle \u00e7\u0131rpar. G\u00f6z\u00fc ne arkada\u015flar\u0131n\u0131 g\u00f6r\u00fcr ne de onu arayan annesini. Sevimli benekli bal\u0131k acaba u\u00e7abilecek midir?<\/p>","protected":false},"featured_media":23477,"template":"","meta":{"spay_email":""},"product_cat":[172],"product_tag":[],"item":[697],"acf":[],"_links":{"self":[{"href":"https:\/\/mgvpublications.com\/de\/wp-json\/wp\/v2\/product\/23476"}],"collection":[{"href":"https:\/\/mgvpublications.com\/de\/wp-json\/wp\/v2\/product"}],"about":[{"href":"https:\/\/mgvpublications.com\/de\/wp-json\/wp\/v2\/types\/product"}],"wp:featuredmedia":[{"embeddable":true,"href":"https:\/\/mgvpublications.com\/de\/wp-json\/wp\/v2\/media\/23477"}],"wp:attachment":[{"href":"https:\/\/mgvpublications.com\/de\/wp-json\/wp\/v2\/media?parent=23476"}],"wp:term":[{"taxonomy":"product_cat","embeddable":true,"href":"https:\/\/mgvpublications.com\/de\/wp-json\/wp\/v2\/product_cat?post=23476"},{"taxonomy":"product_tag","embeddable":true,"href":"https:\/\/mgvpublications.com\/de\/wp-json\/wp\/v2\/product_tag?post=23476"},{"taxonomy":"item","embeddable":true,"href":"https:\/\/mgvpublications.com\/de\/wp-json\/wp\/v2\/item?post=23476"}],"curies":[{"name":"wp","href":"https:\/\/api.w.org\/{rel}","templated":true}]}}