{"id":23416,"date":"2022-06-09T16:10:00","date_gmt":"2022-06-09T14:10:00","guid":{"rendered":"https:\/\/mgvpublications.com\/?post_type=product&#038;p=23416"},"modified":"2022-06-18T15:43:21","modified_gmt":"2022-06-18T13:43:21","slug":"kucuk-sahabiler-5-agaca-tas-atan-cocuk","status":"publish","type":"product","link":"https:\/\/mgvpublications.com\/de\/kucuk-sahabiler-5-agaca-tas-atan-cocuk\/","title":{"rendered":"K\u00fc\u00e7\u00fck Sahabiler 5 \/ A\u011faca Ta\u015f Atan \u00c7ocuk"},"content":{"rendered":"<table>\n<tbody>\n<tr>\n<td>\u00c7izer:<\/td>\n<td><a href=\"https:\/\/www.kitapyurdu.com\/yazar\/ceyhun-sen\/154937.html\" target=\"_blank\" rel=\"noopener\">Ceyhun \u015een<\/a><\/td>\n<\/tr>\n<tr>\n<td>Yay\u0131n Tarihi:<\/td>\n<td>26.07.2017<\/td>\n<\/tr>\n<tr>\n<td>ISBN:<\/td>\n<td>9786059548724<\/td>\n<\/tr>\n<tr>\n<td>Dil:<\/td>\n<td>T\u00dcRK\u00c7E<\/td>\n<\/tr>\n<tr>\n<td>Sayfa Say\u0131s\u0131:<\/td>\n<td>12<\/td>\n<\/tr>\n<tr>\n<td>Cilt Tipi:<\/td>\n<td>Karton Kapak<\/td>\n<\/tr>\n<tr>\n<td>Ka\u011f\u0131t Cinsi:<\/td>\n<td>Kitap Ka\u011f\u0131d\u0131<\/td>\n<\/tr>\n<tr>\n<td>Boyut:<\/td>\n<td>20 x 20 cm<\/td>\n<\/tr>\n<\/tbody>\n<\/table>","protected":false},"excerpt":{"rendered":"<p>T\u0131pk\u0131 ilk d\u00f6rt kitap gibi yine Ceyhun \u015een\u2019in \u00e7ocuklar taraf\u0131ndan \u00e7ok\u00a0sevilen, anne-baba ve e\u011fitimcilerce de takdir edilen \u00e7izgileri e\u015fli\u011finde yay\u0131nlanan dizinin ikinci seti de, en sahih hadis kaynaklar\u0131ndan derlenen ve 4+\u00a0ya\u015f grubu i\u00e7in yeniden kaleme al\u0131nan bu minik \u00f6yk\u00fcler, Peygamber Efendimizin hayat\u0131nda \u00e7ocuklarla ilgili hat\u0131ralar\u0131ndan olu\u015fuyor.<br \/>\nDizinin en temel amac\u0131 bu en k\u00fc\u00e7\u00fck okur\/dinleyici kitlesinin ak\u0131l\u00a0ve kalbinde kendisini \u00e7ok seven bir Peygamber ve arkada\u015f sahabi imaj\u0131n\u0131\u00a0m\u00fcmk\u00fcn olan en erken ya\u015fta oturtabilmek olarak \u00f6zetlenebilir.<\/p>","protected":false},"featured_media":23417,"template":"","meta":{"spay_email":""},"product_cat":[172,169],"product_tag":[],"item":[692],"acf":[],"_links":{"self":[{"href":"https:\/\/mgvpublications.com\/de\/wp-json\/wp\/v2\/product\/23416"}],"collection":[{"href":"https:\/\/mgvpublications.com\/de\/wp-json\/wp\/v2\/product"}],"about":[{"href":"https:\/\/mgvpublications.com\/de\/wp-json\/wp\/v2\/types\/product"}],"wp:featuredmedia":[{"embeddable":true,"href":"https:\/\/mgvpublications.com\/de\/wp-json\/wp\/v2\/media\/23417"}],"wp:attachment":[{"href":"https:\/\/mgvpublications.com\/de\/wp-json\/wp\/v2\/media?parent=23416"}],"wp:term":[{"taxonomy":"product_cat","embeddable":true,"href":"https:\/\/mgvpublications.com\/de\/wp-json\/wp\/v2\/product_cat?post=23416"},{"taxonomy":"product_tag","embeddable":true,"href":"https:\/\/mgvpublications.com\/de\/wp-json\/wp\/v2\/product_tag?post=23416"},{"taxonomy":"item","embeddable":true,"href":"https:\/\/mgvpublications.com\/de\/wp-json\/wp\/v2\/item?post=23416"}],"curies":[{"name":"wp","href":"https:\/\/api.w.org\/{rel}","templated":true}]}}