{"id":23410,"date":"2022-06-08T16:18:57","date_gmt":"2022-06-08T14:18:57","guid":{"rendered":"https:\/\/mgvpublications.com\/?post_type=product&#038;p=23410"},"modified":"2022-06-08T16:25:10","modified_gmt":"2022-06-08T14:25:10","slug":"kucuk-sahabiler-4-umeyrin-yavru-kusu","status":"publish","type":"product","link":"https:\/\/mgvpublications.com\/de\/kucuk-sahabiler-4-umeyrin-yavru-kusu\/","title":{"rendered":"K\u00fc\u00e7\u00fck Sahabiler 4: Umeyr&#8217;in Yavru Ku\u015fu"},"content":{"rendered":"<table>\n<tbody>\n<tr>\n<td>Yay\u0131n Tarihi:<\/td>\n<td>22.08.2016<\/td>\n<\/tr>\n<tr>\n<td>ISBN:<\/td>\n<td>9786059723657<\/td>\n<\/tr>\n<tr>\n<td>Dil:<\/td>\n<td>T\u00dcRK\u00c7E<\/td>\n<\/tr>\n<tr>\n<td>Sayfa Say\u0131s\u0131:<\/td>\n<td>12<\/td>\n<\/tr>\n<tr>\n<td>Cilt Tipi:<\/td>\n<td>Karton Kapak<\/td>\n<\/tr>\n<tr>\n<td>Ka\u011f\u0131t Cinsi:<\/td>\n<td>Ku\u015fe Ka\u011f\u0131t<\/td>\n<\/tr>\n<tr>\n<td>Boyut:<\/td>\n<td>20 x 20 cm<\/td>\n<\/tr>\n<\/tbody>\n<\/table>","protected":false},"excerpt":{"rendered":"<div class=\"top-block\">\n<div class=\"pr_description\">\n<div id=\"description_text\"><span class=\"info__text\">K\u00fc\u00e7\u00fck Sahabiler, Peygamberimizin \u00e7ocuk arkada\u015flar\u0131yd\u0131. Peygamberimiz onlar\u0131 \u00e7ok severdi. Onlar da Peygamberimizi \u00e7ok severdi. \u0130\u015fte k\u00fc\u00e7\u00fck sahabilerden birka\u00e7 tatl\u0131 hat\u0131ra!<br \/>\n<\/span><\/div>\n<\/div>\n<\/div>\n<div class=\"bottom-block\">\n<div class=\"pr_attributes\"><\/div>\n<\/div>","protected":false},"featured_media":23412,"template":"","meta":{"spay_email":""},"product_cat":[172],"product_tag":[],"item":[692],"acf":[],"_links":{"self":[{"href":"https:\/\/mgvpublications.com\/de\/wp-json\/wp\/v2\/product\/23410"}],"collection":[{"href":"https:\/\/mgvpublications.com\/de\/wp-json\/wp\/v2\/product"}],"about":[{"href":"https:\/\/mgvpublications.com\/de\/wp-json\/wp\/v2\/types\/product"}],"wp:featuredmedia":[{"embeddable":true,"href":"https:\/\/mgvpublications.com\/de\/wp-json\/wp\/v2\/media\/23412"}],"wp:attachment":[{"href":"https:\/\/mgvpublications.com\/de\/wp-json\/wp\/v2\/media?parent=23410"}],"wp:term":[{"taxonomy":"product_cat","embeddable":true,"href":"https:\/\/mgvpublications.com\/de\/wp-json\/wp\/v2\/product_cat?post=23410"},{"taxonomy":"product_tag","embeddable":true,"href":"https:\/\/mgvpublications.com\/de\/wp-json\/wp\/v2\/product_tag?post=23410"},{"taxonomy":"item","embeddable":true,"href":"https:\/\/mgvpublications.com\/de\/wp-json\/wp\/v2\/item?post=23410"}],"curies":[{"name":"wp","href":"https:\/\/api.w.org\/{rel}","templated":true}]}}