{"id":23321,"date":"2022-04-13T14:39:13","date_gmt":"2022-04-13T12:39:13","guid":{"rendered":"https:\/\/mgvpublications.com\/?post_type=product&#038;p=23321"},"modified":"2022-04-13T15:20:54","modified_gmt":"2022-04-13T13:20:54","slug":"mizac-ilmi-ile-varligin-tahlili","status":"publish","type":"product","link":"https:\/\/mgvpublications.com\/de\/mizac-ilmi-ile-varligin-tahlili\/","title":{"rendered":"Miza\u00e7 \u0130lmi \u0130le Varl\u0131\u011f\u0131n Tahlili"},"content":{"rendered":"<p>Yay\u0131n Tarihi:\t16.03.2022<br \/>\nISBN:\t        9786254091278<br \/>\nDil:\t        T\u00dcRK\u00c7E<br \/>\nSayfa Say\u0131s\u0131:\t257<br \/>\nCilt Tipi:\tCiltli<br \/>\nKa\u011f\u0131t Cinsi:\tKitap Ka\u011f\u0131d\u0131<br \/>\nBoyut:\t        13.5 x 21 cm<\/p>","protected":false},"excerpt":{"rendered":"<p>Gu\u0308ncel Bilgiler, \u00d6rnekler, Soru ve Cevaplarla Kadim Miza\u00e7 \u0130lmi<br \/>\n\u201cMuazzam bir \u00e2lem i\u00e7indeyiz. \u015eu hayvanlar\u0131n du\u0308zenine bir bak\u0131n,<br \/>\nneb\u00e2tat\u0131n renklerine, gezegenlerin d\u00f6nu\u0308\u015fu\u0308ne\u2026 Hepsi ne kadar da vakur, ne<br \/>\nkadar da mutmain. Hi\u00e7 renginden memnun olmayan \u00e7i\u00e7ek, tad\u0131ndan rahats\u0131z<br \/>\nolan meyve, \u015feklini de\u011fi\u015ftirmek isteyen bir hayvan duydunuz mu?<br \/>\nTam bir teslimiyet h\u00e2li\u2026<br \/>\nSabah do\u011fan gu\u0308ne\u015f, seherde \u00f6ten ku\u015flar, \u0131slanan toprak her gu\u0308n \u015fu\u0308ku\u0308r ve<br \/>\numutla yeni gu\u0308ne ba\u015flam\u0131yor mu? Hem de bize ra\u011fmen\u2026 Yedi ton bir fil, elsiz<br \/>\nayaks\u0131z bir solucan, \u015fekli olmayan ac\u0131 bir ot, yere inen ya\u011fmur\u2026.<br \/>\nHepsinin bir g\u00f6revi varken, du\u0308nyaya \u00f6ylesine geldi\u011fini zannedenler\u2026<br \/>\nSen yarat\u0131lanlar\u0131n en u\u0308stu\u0308nu\u0308su\u0308n, bu \u00e2lem senin hizmetine sunuldu. Fark\u0131nda<br \/>\nde\u011filsin. \u00c2leme uyum sa\u011fla hadi\u2026 Hepsi sana bir \u015feyler anlatmaya \u00e7al\u0131\u015f\u0131yor.<br \/>\nDinle\u2026 G\u00f6r\u2026 Oku\u2026<br \/>\nAllah sana dar\u0131lmad\u0131, kap\u0131lar\u0131n\u0131 kapatmad\u0131. Sen iste, O sana verecek ve sen<br \/>\nde raz\u0131 olacaks\u0131n.\u201d<br \/>\nBelki de bir\u00e7ok \u015feyin ters gitti\u011fini du\u0308\u015fu\u0308nu\u0308yorsunuz hayat\u0131n\u0131zda, zorluklarla<br \/>\nmu\u0308cadele ediyorsunuz. Ya\u015fam sizi oradan oraya savuruyor, y\u0131llar ge\u00e7ip<br \/>\ngidiyor ve kendinizi h\u00e2l\u00e2 ayn\u0131 k\u0131s\u0131r d\u00f6ngu\u0308nu\u0308n i\u00e7indeymi\u015f gibi<br \/>\nhissediyorsunuz\u2026 Oysa Yu\u0308ce Yaratan bize \u00f6yle k\u0131lavuzlar sunmu\u015f ki, bunun<br \/>\nfark\u0131nda de\u011filiz. Ve bu k\u0131lavuzlara hepimizin ihtiyac\u0131 var.<br \/>\n\u0130\u015fte elinizde tuttu\u011funuz bu kitap size rehberlik edecek miza\u00e7 ilmininin<br \/>\nderinli\u011fini ve hayat\u0131m\u0131zda mizaca g\u00f6re nas\u0131l bir yol \u00e7izmemiz gerekti\u011fini<br \/>\nbizlere sunuyor. Miza\u00e7, i\u00e7inde bu\u0308yu\u0308k s\u0131rlar bar\u0131nd\u0131ran, insana ve \u00e2leme dair<br \/>\n\u00e7ok \u00f6nemli bilgiler sunan, ki\u015fiye bir yol haritas\u0131 \u00e7izen ve \u015fifa i\u00e7eren bir<br \/>\nilimdir. Miza\u00e7, tu\u0308m ilimlerin temelidir; \u00f6nu\u0308mu\u0308zdeki perdeleri kald\u0131rmak i\u00e7in,<br \/>\nyu\u0308ru\u0308memiz gereken uzun bir yoldur. Bu uzun yolda yu\u0308ru\u0308du\u0308k\u00e7e Allah\u2019\u0131n yu\u0308ce<br \/>\nhikmetine yeniden \u00e2\u015f\u0131k olacak; hayat\u0131n\u0131z\u0131 \u015fekillendirmeye ba\u015flayacak, \u2018sorun\u2019<br \/>\nolarak g\u00f6zu\u0308ken meselelerin \u00e7\u00f6zu\u0308ldu\u0308\u011fu\u0308ne \u015fahit olacaks\u0131n\u0131z.<br \/>\nKendinizdeki de\u011fi\u015fime \u015fa\u015f\u0131racaks\u0131n\u0131z.<br \/>\nVe bu kadim ilmi \u00f6\u011frenip uygulad\u0131k\u00e7a, her \u015feye asl\u0131nda yeniden ba\u015flayacaks\u0131n\u0131z.<br \/>\nVe art\u0131k hi\u00e7 bir \u015fey eskisi gibi olmayacak\u2026<\/p>","protected":false},"featured_media":23322,"template":"","meta":{"spay_email":""},"product_cat":[1352],"product_tag":[],"item":[],"acf":[],"_links":{"self":[{"href":"https:\/\/mgvpublications.com\/de\/wp-json\/wp\/v2\/product\/23321"}],"collection":[{"href":"https:\/\/mgvpublications.com\/de\/wp-json\/wp\/v2\/product"}],"about":[{"href":"https:\/\/mgvpublications.com\/de\/wp-json\/wp\/v2\/types\/product"}],"wp:featuredmedia":[{"embeddable":true,"href":"https:\/\/mgvpublications.com\/de\/wp-json\/wp\/v2\/media\/23322"}],"wp:attachment":[{"href":"https:\/\/mgvpublications.com\/de\/wp-json\/wp\/v2\/media?parent=23321"}],"wp:term":[{"taxonomy":"product_cat","embeddable":true,"href":"https:\/\/mgvpublications.com\/de\/wp-json\/wp\/v2\/product_cat?post=23321"},{"taxonomy":"product_tag","embeddable":true,"href":"https:\/\/mgvpublications.com\/de\/wp-json\/wp\/v2\/product_tag?post=23321"},{"taxonomy":"item","embeddable":true,"href":"https:\/\/mgvpublications.com\/de\/wp-json\/wp\/v2\/item?post=23321"}],"curies":[{"name":"wp","href":"https:\/\/api.w.org\/{rel}","templated":true}]}}