{"id":23310,"date":"2022-04-09T12:34:13","date_gmt":"2022-04-09T10:34:13","guid":{"rendered":"https:\/\/mgvpublications.com\/?post_type=product&#038;p=23310"},"modified":"2022-04-09T12:35:43","modified_gmt":"2022-04-09T10:35:43","slug":"adalet-ornegi-hz-omer-r-a-dort-halife","status":"publish","type":"product","link":"https:\/\/mgvpublications.com\/de\/adalet-ornegi-hz-omer-r-a-dort-halife\/","title":{"rendered":"Adalet \u00d6rne\u011fi Hz. \u00d6mer (r.a) D\u00f6rt Halife"},"content":{"rendered":"<p>Yay\u0131n Tarihi:   01.01.2019<br \/>\nISBN:           9786059283427<br \/>\nDil:            T\u00dcRK\u00c7E<br \/>\nSayfa Say\u0131s\u0131:   32<br \/>\nCilt Tipi:      Karton Kapak<br \/>\nKa\u011f\u0131t Cinsi:    1.Hm.Ka\u011f\u0131t<br \/>\nBoyut:          19.5 x 27 cm<\/p>","protected":false},"excerpt":{"rendered":"<p>Yay\u0131n Tarihi: 01.01.2019 ISBN: 9786059283427 Dil: T\u00dcRK\u00c7E Sayfa Say\u0131s\u0131: 32 Cilt Tipi: Karton Kapak Ka\u011f\u0131t Cinsi: 1.Hm.Ka\u011f\u0131t Boyut: 19.5 x 27 cm<\/p>","protected":false},"featured_media":23311,"template":"","meta":{"spay_email":""},"product_cat":[172,174],"product_tag":[],"item":[426],"acf":[],"_links":{"self":[{"href":"https:\/\/mgvpublications.com\/de\/wp-json\/wp\/v2\/product\/23310"}],"collection":[{"href":"https:\/\/mgvpublications.com\/de\/wp-json\/wp\/v2\/product"}],"about":[{"href":"https:\/\/mgvpublications.com\/de\/wp-json\/wp\/v2\/types\/product"}],"wp:featuredmedia":[{"embeddable":true,"href":"https:\/\/mgvpublications.com\/de\/wp-json\/wp\/v2\/media\/23311"}],"wp:attachment":[{"href":"https:\/\/mgvpublications.com\/de\/wp-json\/wp\/v2\/media?parent=23310"}],"wp:term":[{"taxonomy":"product_cat","embeddable":true,"href":"https:\/\/mgvpublications.com\/de\/wp-json\/wp\/v2\/product_cat?post=23310"},{"taxonomy":"product_tag","embeddable":true,"href":"https:\/\/mgvpublications.com\/de\/wp-json\/wp\/v2\/product_tag?post=23310"},{"taxonomy":"item","embeddable":true,"href":"https:\/\/mgvpublications.com\/de\/wp-json\/wp\/v2\/item?post=23310"}],"curies":[{"name":"wp","href":"https:\/\/api.w.org\/{rel}","templated":true}]}}