{"id":23306,"date":"2022-04-09T12:14:13","date_gmt":"2022-04-09T10:14:13","guid":{"rendered":"https:\/\/mgvpublications.com\/?post_type=product&#038;p=23306"},"modified":"2022-04-09T12:52:55","modified_gmt":"2022-04-09T10:52:55","slug":"dogruluk-ornegi-hz-ebubekir-r-a-dort-halife","status":"publish","type":"product","link":"https:\/\/mgvpublications.com\/de\/dogruluk-ornegi-hz-ebubekir-r-a-dort-halife\/","title":{"rendered":"Do\u011fruluk \u00d6rne\u011fi Hz. Ebubekir (r.a.) \/ D\u00f6rt Halife"},"content":{"rendered":"<p>Yay\u0131n Tarihi:\t01.01.2019<br \/>\nISBN:\t        9786059283427<br \/>\nDil:\t        T\u00dcRK\u00c7E<br \/>\nSayfa Say\u0131s\u0131:\t32<br \/>\nCilt Tipi:\tKarton Kapak<br \/>\nKa\u011f\u0131t Cinsi:\t1. Hm. Ka\u011f\u0131t<br \/>\nBoyut:\t        19.5 x 27 cm<\/p>","protected":false},"excerpt":{"rendered":"<p>Yay\u0131n Tarihi: 01.01.2019 ISBN: 9786059283427 Dil: T\u00dcRK\u00c7E Sayfa Say\u0131s\u0131: 32 Cilt Tipi: Karton Kapak Ka\u011f\u0131t Cinsi: 1. Hm. Ka\u011f\u0131t Boyut: 19.5 x 27 cm<\/p>","protected":false},"featured_media":23307,"template":"","meta":{"spay_email":""},"product_cat":[172,174],"product_tag":[],"item":[426],"acf":[],"_links":{"self":[{"href":"https:\/\/mgvpublications.com\/de\/wp-json\/wp\/v2\/product\/23306"}],"collection":[{"href":"https:\/\/mgvpublications.com\/de\/wp-json\/wp\/v2\/product"}],"about":[{"href":"https:\/\/mgvpublications.com\/de\/wp-json\/wp\/v2\/types\/product"}],"wp:featuredmedia":[{"embeddable":true,"href":"https:\/\/mgvpublications.com\/de\/wp-json\/wp\/v2\/media\/23307"}],"wp:attachment":[{"href":"https:\/\/mgvpublications.com\/de\/wp-json\/wp\/v2\/media?parent=23306"}],"wp:term":[{"taxonomy":"product_cat","embeddable":true,"href":"https:\/\/mgvpublications.com\/de\/wp-json\/wp\/v2\/product_cat?post=23306"},{"taxonomy":"product_tag","embeddable":true,"href":"https:\/\/mgvpublications.com\/de\/wp-json\/wp\/v2\/product_tag?post=23306"},{"taxonomy":"item","embeddable":true,"href":"https:\/\/mgvpublications.com\/de\/wp-json\/wp\/v2\/item?post=23306"}],"curies":[{"name":"wp","href":"https:\/\/api.w.org\/{rel}","templated":true}]}}