{"id":23302,"date":"2022-04-09T11:53:54","date_gmt":"2022-04-09T09:53:54","guid":{"rendered":"https:\/\/mgvpublications.com\/?post_type=product&#038;p=23302"},"modified":"2022-04-09T11:53:54","modified_gmt":"2022-04-09T09:53:54","slug":"koala-kori-ve-sevimli-dostlari-bu-kocaman-gozler-kimin-6","status":"publish","type":"product","link":"https:\/\/mgvpublications.com\/de\/koala-kori-ve-sevimli-dostlari-bu-kocaman-gozler-kimin-6\/","title":{"rendered":"Koala Kori ve Sevimli Dostlar\u0131 \/ Bu Kocaman G\u00f6zler Kimin 6"},"content":{"rendered":"<p>\u00c7izer:\t         Erkan Batem<br \/>\nYay\u0131n Tarihi:\t 11.07.2020<br \/>\nISBN:\t         9786053050902<br \/>\nDil:\t         T\u00dcRK\u00c7E<br \/>\nSayfa Say\u0131s\u0131:\t 10<br \/>\nCilt Tipi:\t Ciltli<br \/>\nKa\u011f\u0131t Cinsi:\t Kitap Ka\u011f\u0131d\u0131<br \/>\nBoyut:\t         20 x 20.5 cm<br \/>\nDi\u011fer \u00d6zellik:\t 6 Ay-5 Ya\u015f<\/p>","protected":false},"excerpt":{"rendered":"<p>&#8220;K\u00fc\u00e7\u00fck koala Kori okaliptus a\u011fac\u0131nda ya\u015f\u0131yordu. Kori, ya\u015fad\u0131\u011f\u0131 yeri \u00e7ok merak ediyor ama cesareti olmad\u0131\u011f\u0131 i\u00e7in etrafta gezmeye \u00e7\u0131kam\u0131yordu.<\/p>\n<p>Bu sabah Kori yine a\u011fac\u0131nda oturmu\u015f etraf\u0131 seyrediyordu.Az ileride e\u015felenen deveku\u015fu Emu&#8217;ya seslendi: &#8220;Emu,sen b\u00f6yle dola\u015fmay\u0131 nas\u0131l ba\u015far\u0131yorsun? Hi\u00e7 korkmuyor musun?&#8221;<\/p>","protected":false},"featured_media":23303,"template":"","meta":{"spay_email":""},"product_cat":[172],"product_tag":[],"item":[1789],"acf":[],"_links":{"self":[{"href":"https:\/\/mgvpublications.com\/de\/wp-json\/wp\/v2\/product\/23302"}],"collection":[{"href":"https:\/\/mgvpublications.com\/de\/wp-json\/wp\/v2\/product"}],"about":[{"href":"https:\/\/mgvpublications.com\/de\/wp-json\/wp\/v2\/types\/product"}],"wp:featuredmedia":[{"embeddable":true,"href":"https:\/\/mgvpublications.com\/de\/wp-json\/wp\/v2\/media\/23303"}],"wp:attachment":[{"href":"https:\/\/mgvpublications.com\/de\/wp-json\/wp\/v2\/media?parent=23302"}],"wp:term":[{"taxonomy":"product_cat","embeddable":true,"href":"https:\/\/mgvpublications.com\/de\/wp-json\/wp\/v2\/product_cat?post=23302"},{"taxonomy":"product_tag","embeddable":true,"href":"https:\/\/mgvpublications.com\/de\/wp-json\/wp\/v2\/product_tag?post=23302"},{"taxonomy":"item","embeddable":true,"href":"https:\/\/mgvpublications.com\/de\/wp-json\/wp\/v2\/item?post=23302"}],"curies":[{"name":"wp","href":"https:\/\/api.w.org\/{rel}","templated":true}]}}