{"id":23296,"date":"2022-04-09T11:14:02","date_gmt":"2022-04-09T09:14:02","guid":{"rendered":"https:\/\/mgvpublications.com\/?post_type=product&#038;p=23296"},"modified":"2022-04-09T18:35:49","modified_gmt":"2022-04-09T16:35:49","slug":"futuhat-i-mekkiyye-1","status":"publish","type":"product","link":"https:\/\/mgvpublications.com\/de\/futuhat-i-mekkiyye-1\/","title":{"rendered":"F\u00fctuhat-\u0131 Mekkiyye 1"},"content":{"rendered":"<p>\u00c7evirmen:\tEkrem Demirli<br \/>\nYay\u0131n Tarihi:\t31.10.2017<br \/>\nISBN:\t        9789756329214<br \/>\nDil:\t        T\u00dcRK\u00c7E<br \/>\nSayfa Say\u0131s\u0131:\t495<br \/>\nCilt Tipi:\tKarton Kapak<br \/>\nKa\u011f\u0131t Cinsi:\tKitap Ka\u011f\u0131d\u0131<br \/>\nBoyut:\t        16.5 x 23.5 cm<\/p>","protected":false},"excerpt":{"rendered":"<p>Hamd, \u015feyleri bir yokluktan ve yoklu\u011fun yoklu\u011fundan var eden ve \u015feylerin varl\u0131\u011f\u0131n\u0131 kelimelerinin y\u00f6neli\u015fine dayand\u0131ran Allah&#8217;a mahsustur. Bu sayede onlar\u0131n yarat\u0131lm\u0131\u015fl\u0131\u011f\u0131n\u0131 ve Hakk&#8217;\u0131n kadimli\u011finden kaynaklanan \u00f6zelliklerinin s\u0131r\u0131n\u0131 \u00f6\u011frendi\u011fimiz gibi Allah&#8217;\u0131n bize bildirdi\u011fi kadimli\u011fini de \u00f6\u011freniriz.<br \/>\nM\u00fcnezzeh Allah, zuhur edip izhar ederek zahir olmu\u015ftur, bat\u0131n kalmam\u0131\u015ft\u0131r; fakat (ayn\u0131 zamanda) bat\u0131n olmu\u015f ve bat\u0131n k\u0131lm\u0131\u015ft\u0131r. Kulun varl\u0131\u011f\u0131, \u00f6ncesinde de sabit iken, O&#8217;nun i\u00e7in el-Evvel (ilk) ismini sabit k\u0131lm\u0131\u015ft\u0131r; yok olu\u015fun ve yoksunlu\u011fun takdir edilmesi ise daha \u00f6nce de sabit iken, Hak i\u00e7in el-Ahir (son) ismini sabit k\u0131lm\u0131\u015ft\u0131r.<br \/>\nAs\u0131r ve muas\u0131r, cahil ve haberdar olmasayd\u0131, O&#8217;nun el-Evvel ve el-Ahir veya el-Bat\u0131n ve ez-Zahir isimlerinin anlam\u0131n\u0131 kimse bilmeyecekti. Bu gibi isimler, bu en y\u00fcce anlamda Tanr\u0131&#8217;n\u0131n g\u00fczel isimleri olsa bile, isimler aras\u0131nda bir farkl\u0131la\u015fma vard\u0131r. S\u00f6z konusu farkl\u0131la\u015fma, menzillere yerle\u015fmek i\u00e7in vesileler edindiklerinde belirginle\u015fir&#8230;<\/p>","protected":false},"featured_media":23297,"template":"","meta":{"spay_email":""},"product_cat":[174,2048],"product_tag":[],"item":[865],"acf":[],"_links":{"self":[{"href":"https:\/\/mgvpublications.com\/de\/wp-json\/wp\/v2\/product\/23296"}],"collection":[{"href":"https:\/\/mgvpublications.com\/de\/wp-json\/wp\/v2\/product"}],"about":[{"href":"https:\/\/mgvpublications.com\/de\/wp-json\/wp\/v2\/types\/product"}],"wp:featuredmedia":[{"embeddable":true,"href":"https:\/\/mgvpublications.com\/de\/wp-json\/wp\/v2\/media\/23297"}],"wp:attachment":[{"href":"https:\/\/mgvpublications.com\/de\/wp-json\/wp\/v2\/media?parent=23296"}],"wp:term":[{"taxonomy":"product_cat","embeddable":true,"href":"https:\/\/mgvpublications.com\/de\/wp-json\/wp\/v2\/product_cat?post=23296"},{"taxonomy":"product_tag","embeddable":true,"href":"https:\/\/mgvpublications.com\/de\/wp-json\/wp\/v2\/product_tag?post=23296"},{"taxonomy":"item","embeddable":true,"href":"https:\/\/mgvpublications.com\/de\/wp-json\/wp\/v2\/item?post=23296"}],"curies":[{"name":"wp","href":"https:\/\/api.w.org\/{rel}","templated":true}]}}