{"id":23080,"date":"2022-04-08T06:15:44","date_gmt":"2022-04-08T04:15:44","guid":{"rendered":"https:\/\/mgvpublications.com\/benim-adim-sena\/"},"modified":"2022-09-14T11:57:57","modified_gmt":"2022-09-14T09:57:57","slug":"benim-adim-sena","status":"publish","type":"product","link":"https:\/\/mgvpublications.com\/de\/benim-adim-sena\/","title":{"rendered":"Benim Ad\u0131m Sena"},"content":{"rendered":"<p>Yay\u0131n Tarihi: 15.03.2022<br \/>\nISBN: 9786051834252<br \/>\nDil: T\u00dcRK\u00c7E<br \/>\nSayfa Say\u0131s\u0131: 192<br \/>\nCilt Tipi: Karton Kapak<br \/>\nKa\u011f\u0131t Cinsi: Kitap Ka\u011f\u0131d\u0131<br \/>\nBoyut: 13.5 x 21 cm<\/p>","protected":false},"excerpt":{"rendered":"<p>\u0130nanc\u0131n\u0131z i\u00e7in neleri terk edebilirsiniz? Nelerden vazge\u00e7ebilir ve neleri ard\u0131n\u0131zda b\u0131rakabilirsiniz? \u201c\u0130nsan, ard\u0131nda b\u0131rakabildikleri, terk edebildikleri kadard\u0131r.\u201d derler ya hani&#8230; \u0130\u015fte tam da \u00f6yle bir hik\u00e2ye bu. *** Siz \u015fimdi bir roman\u0131n i\u00e7erisinde bir hayat\u0131, k\u00fc\u00e7\u00fck bir k\u0131z \u00e7ocu\u011funun hayallerini, belki de kendini aray\u0131\u015f\u0131n\u0131 okuyacaks\u0131n\u0131z. Bu bir yol hik\u00e2yesi, yolculuk hik\u00e2yesi dersem yalan olmaz ama yar\u0131m olur. Zira bu roman bir aray\u0131\u015f\u0131n, bir bulu\u015fun, hatta bir olu\u015fun hik\u00e2yesi. Julia ile ba\u015flayan, Sena ile biten bir yolculu\u011fun hik\u00e2yesi&#8230;<\/p>","protected":false},"featured_media":23079,"template":"","meta":{"spay_email":""},"product_cat":[168],"product_tag":[],"item":[732],"acf":[],"_links":{"self":[{"href":"https:\/\/mgvpublications.com\/de\/wp-json\/wp\/v2\/product\/23080"}],"collection":[{"href":"https:\/\/mgvpublications.com\/de\/wp-json\/wp\/v2\/product"}],"about":[{"href":"https:\/\/mgvpublications.com\/de\/wp-json\/wp\/v2\/types\/product"}],"wp:featuredmedia":[{"embeddable":true,"href":"https:\/\/mgvpublications.com\/de\/wp-json\/wp\/v2\/media\/23079"}],"wp:attachment":[{"href":"https:\/\/mgvpublications.com\/de\/wp-json\/wp\/v2\/media?parent=23080"}],"wp:term":[{"taxonomy":"product_cat","embeddable":true,"href":"https:\/\/mgvpublications.com\/de\/wp-json\/wp\/v2\/product_cat?post=23080"},{"taxonomy":"product_tag","embeddable":true,"href":"https:\/\/mgvpublications.com\/de\/wp-json\/wp\/v2\/product_tag?post=23080"},{"taxonomy":"item","embeddable":true,"href":"https:\/\/mgvpublications.com\/de\/wp-json\/wp\/v2\/item?post=23080"}],"curies":[{"name":"wp","href":"https:\/\/api.w.org\/{rel}","templated":true}]}}