{"id":23078,"date":"2022-04-08T06:15:38","date_gmt":"2022-04-08T04:15:38","guid":{"rendered":"https:\/\/mgvpublications.com\/kuranda-aile-ornekleri\/"},"modified":"2022-04-08T06:15:38","modified_gmt":"2022-04-08T04:15:38","slug":"kuranda-aile-ornekleri","status":"publish","type":"product","link":"https:\/\/mgvpublications.com\/de\/kuranda-aile-ornekleri\/","title":{"rendered":"Kur\u2019an\u2019da Aile \u00d6rnekleri"},"content":{"rendered":"<p>Yay\u0131n Tarihi: 16.03.2021<br \/>ISBN: 9786257137331<br \/>Dil: T\u00dcRK\u00c7E<br \/>Sayfa Say\u0131s\u0131: 199<br \/>Cilt Tipi: Karton Kapak<br \/>Ka\u011f\u0131t Cinsi: Kitap Ka\u011f\u0131d\u0131<br \/>Boyut: 13 x 21 cm<\/p>","protected":false},"excerpt":{"rendered":"<p>Aile, inan\u00e7 ve de\u011ferlerin payla\u015f\u0131ld\u0131\u011f\u0131, duygular\u0131n ya\u015fand\u0131\u011f\u0131, farkl\u0131l\u0131klardan b\u00fct\u00fcnl\u00fc\u011f\u00fcn tesis edildi\u011fi ve gelecek nesillere aktar\u0131ld\u0131\u011f\u0131 toplumun en g\u00fc\u00e7l\u00fc kurumudur. Bireyin fizyolojik varl\u0131\u011f\u0131 kadar, psikolojik ve toplumsal yap\u0131s\u0131 da aileyle \u015fekillenir. Aile i\u00e7i ileti\u015fimin temelini ebeveynlerin birbirine kar\u015f\u0131 ileti\u015fimi, tutumu ve davran\u0131\u015flar\u0131 olu\u015fturur. Kur\u2019an a\u00e7\u0131s\u0131ndan aile, dini de\u011ferlerin bir aktar\u0131m merkezidir. Bu eser, Kur\u2019an\u2019a yans\u0131yan aile tipolojilerini olumlu ve olumsuz y\u00f6nleriyle ele alarak, temel mesajlar \u00e7er\u00e7evesinde okuyucuya aile i\u00e7i ili\u015fkiler konusunda ipu\u00e7lar\u0131 veriyor.<\/p>","protected":false},"featured_media":23077,"template":"","meta":{"spay_email":""},"product_cat":[174],"product_tag":[],"item":[960],"acf":[],"_links":{"self":[{"href":"https:\/\/mgvpublications.com\/de\/wp-json\/wp\/v2\/product\/23078"}],"collection":[{"href":"https:\/\/mgvpublications.com\/de\/wp-json\/wp\/v2\/product"}],"about":[{"href":"https:\/\/mgvpublications.com\/de\/wp-json\/wp\/v2\/types\/product"}],"wp:featuredmedia":[{"embeddable":true,"href":"https:\/\/mgvpublications.com\/de\/wp-json\/wp\/v2\/media\/23077"}],"wp:attachment":[{"href":"https:\/\/mgvpublications.com\/de\/wp-json\/wp\/v2\/media?parent=23078"}],"wp:term":[{"taxonomy":"product_cat","embeddable":true,"href":"https:\/\/mgvpublications.com\/de\/wp-json\/wp\/v2\/product_cat?post=23078"},{"taxonomy":"product_tag","embeddable":true,"href":"https:\/\/mgvpublications.com\/de\/wp-json\/wp\/v2\/product_tag?post=23078"},{"taxonomy":"item","embeddable":true,"href":"https:\/\/mgvpublications.com\/de\/wp-json\/wp\/v2\/item?post=23078"}],"curies":[{"name":"wp","href":"https:\/\/api.w.org\/{rel}","templated":true}]}}