{"id":23074,"date":"2022-04-08T06:15:33","date_gmt":"2022-04-08T04:15:33","guid":{"rendered":"https:\/\/mgvpublications.com\/bulmacalarla-siyer-i-nebi\/"},"modified":"2022-04-08T06:15:33","modified_gmt":"2022-04-08T04:15:33","slug":"bulmacalarla-siyer-i-nebi","status":"publish","type":"product","link":"https:\/\/mgvpublications.com\/de\/bulmacalarla-siyer-i-nebi\/","title":{"rendered":"Bulmacalarla Siyer-i Nebi"},"content":{"rendered":"<p>Yay\u0131n Tarihi: 12.03.2020<br \/>ISBN: 9786057730572<br \/>Dil: T\u00dcRK\u00c7E<br \/>Sayfa Say\u0131s\u0131: 60<br \/>Cilt Tipi: Karton Kapak<br \/>Ka\u011f\u0131t Cinsi: Kitap Ka\u011f\u0131d\u0131<br \/>Boyut: 21.5 x 24 cm<\/p>","protected":false},"excerpt":{"rendered":"<p>Hem e\u011flenecek hem de Allah Res\u00fbl\u00fc\u2019n\u00fcn hayat\u0131n\u0131 A\u2019dan Z\u2019ye \u00f6\u011freneceksiniz.<\/p>","protected":false},"featured_media":23073,"template":"","meta":{"spay_email":""},"product_cat":[174],"product_tag":[],"item":[960],"acf":[],"_links":{"self":[{"href":"https:\/\/mgvpublications.com\/de\/wp-json\/wp\/v2\/product\/23074"}],"collection":[{"href":"https:\/\/mgvpublications.com\/de\/wp-json\/wp\/v2\/product"}],"about":[{"href":"https:\/\/mgvpublications.com\/de\/wp-json\/wp\/v2\/types\/product"}],"wp:featuredmedia":[{"embeddable":true,"href":"https:\/\/mgvpublications.com\/de\/wp-json\/wp\/v2\/media\/23073"}],"wp:attachment":[{"href":"https:\/\/mgvpublications.com\/de\/wp-json\/wp\/v2\/media?parent=23074"}],"wp:term":[{"taxonomy":"product_cat","embeddable":true,"href":"https:\/\/mgvpublications.com\/de\/wp-json\/wp\/v2\/product_cat?post=23074"},{"taxonomy":"product_tag","embeddable":true,"href":"https:\/\/mgvpublications.com\/de\/wp-json\/wp\/v2\/product_tag?post=23074"},{"taxonomy":"item","embeddable":true,"href":"https:\/\/mgvpublications.com\/de\/wp-json\/wp\/v2\/item?post=23074"}],"curies":[{"name":"wp","href":"https:\/\/api.w.org\/{rel}","templated":true}]}}