{"id":23072,"date":"2022-04-08T06:15:32","date_gmt":"2022-04-08T04:15:32","guid":{"rendered":"https:\/\/mgvpublications.com\/etkinliklerle-dinimi-ogreniyorum\/"},"modified":"2022-04-08T06:15:32","modified_gmt":"2022-04-08T04:15:32","slug":"etkinliklerle-dinimi-ogreniyorum","status":"publish","type":"product","link":"https:\/\/mgvpublications.com\/de\/etkinliklerle-dinimi-ogreniyorum\/","title":{"rendered":"Etkinliklerle Dinimi \u00d6\u011freniyorum"},"content":{"rendered":"<p>Yay\u0131n Tarihi: 23.12.2020<br \/>ISBN: 9780000002341<br \/>Dil: T\u00dcRK\u00c7E<br \/>Sayfa Say\u0131s\u0131: 224<br \/>Cilt Tipi: Karton Kapak<br \/>Ka\u011f\u0131t Cinsi: Kitap Ka\u011f\u0131d\u0131<br \/>Boyut: 19.5 x 27.5 cm<\/p>","protected":false},"excerpt":{"rendered":"<p>Arkada\u015flar etkinliklerle temel din\u00ee bilgileri \u00f6\u011frenmek ister misiniz? \u201cEtkinliklerle Dinimi \u00d6\u011freniyorum\u201d eserinde ibadet, inan\u00e7, siyer, ahlak konular\u0131nda e\u011flenirken \u00f6\u011frenece\u011finiz etkinlikler yer al\u0131yor. Okuma par\u00e7alar\u0131, bo\u015fluk doldurma, soru cevap, bulmaca, bilmece, testler her bir konunun anlat\u0131ld\u0131\u011f\u0131 \u00fcnitelerde sizleri bekliyor.<\/p>","protected":false},"featured_media":23071,"template":"","meta":{"spay_email":""},"product_cat":[174],"product_tag":[],"item":[960],"acf":[],"_links":{"self":[{"href":"https:\/\/mgvpublications.com\/de\/wp-json\/wp\/v2\/product\/23072"}],"collection":[{"href":"https:\/\/mgvpublications.com\/de\/wp-json\/wp\/v2\/product"}],"about":[{"href":"https:\/\/mgvpublications.com\/de\/wp-json\/wp\/v2\/types\/product"}],"wp:featuredmedia":[{"embeddable":true,"href":"https:\/\/mgvpublications.com\/de\/wp-json\/wp\/v2\/media\/23071"}],"wp:attachment":[{"href":"https:\/\/mgvpublications.com\/de\/wp-json\/wp\/v2\/media?parent=23072"}],"wp:term":[{"taxonomy":"product_cat","embeddable":true,"href":"https:\/\/mgvpublications.com\/de\/wp-json\/wp\/v2\/product_cat?post=23072"},{"taxonomy":"product_tag","embeddable":true,"href":"https:\/\/mgvpublications.com\/de\/wp-json\/wp\/v2\/product_tag?post=23072"},{"taxonomy":"item","embeddable":true,"href":"https:\/\/mgvpublications.com\/de\/wp-json\/wp\/v2\/item?post=23072"}],"curies":[{"name":"wp","href":"https:\/\/api.w.org\/{rel}","templated":true}]}}