{"id":23070,"date":"2022-04-08T06:15:27","date_gmt":"2022-04-08T04:15:27","guid":{"rendered":"https:\/\/mgvpublications.com\/kukla-misket-kabak-dalda-ceviz-yerde\/"},"modified":"2022-04-08T06:15:27","modified_gmt":"2022-04-08T04:15:27","slug":"kukla-misket-kabak-dalda-ceviz-yerde","status":"publish","type":"product","link":"https:\/\/mgvpublications.com\/de\/kukla-misket-kabak-dalda-ceviz-yerde\/","title":{"rendered":"Kukla Misket Kabak Dalda Ceviz Yerde"},"content":{"rendered":"<p>Yay\u0131n Tarihi: 08.07.2021<br \/>ISBN: 9786257779371<br \/>Dil: T\u00dcRK\u00c7E<br \/>Sayfa Say\u0131s\u0131: 24<br \/>Cilt Tipi: Karton Kapak<br \/>Ka\u011f\u0131t Cinsi: Kitap Ka\u011f\u0131d\u0131<br \/>Boyut: 21 x 26 cm<\/p>","protected":false},"excerpt":{"rendered":"<p>G\u00fcn uzun, hava s\u0131cak Kukla Misket dola\u015fmaktan yorulmu\u015f. Arkada\u015f\u0131 Kukla \u00c7i\u00e7ek\u2019in yan\u0131na gitmi\u015f. Kukla Misket ile Kukla \u00c7i\u00e7ek Rabb\u2019imizin yaratt\u0131\u011f\u0131 tabiat\u0131 nas\u0131l de\u011fi\u015ftirmeye \u00e7al\u0131\u015f\u0131yor? Bu macerada ba\u015flar\u0131na kim bilir neler geliyor? Siz de Kukla Misket ve Kukla \u00c7i\u00e7ekle tan\u0131\u015f\u0131p kitab\u0131n sonunda bulunan Kukla Misket maketiyle kendi hik\u00e2yeni olu\u015fturabilirsin. Bal tad\u0131nda okumalar.<\/p>","protected":false},"featured_media":23069,"template":"","meta":{"spay_email":""},"product_cat":[172],"product_tag":[],"item":[960],"acf":[],"_links":{"self":[{"href":"https:\/\/mgvpublications.com\/de\/wp-json\/wp\/v2\/product\/23070"}],"collection":[{"href":"https:\/\/mgvpublications.com\/de\/wp-json\/wp\/v2\/product"}],"about":[{"href":"https:\/\/mgvpublications.com\/de\/wp-json\/wp\/v2\/types\/product"}],"wp:featuredmedia":[{"embeddable":true,"href":"https:\/\/mgvpublications.com\/de\/wp-json\/wp\/v2\/media\/23069"}],"wp:attachment":[{"href":"https:\/\/mgvpublications.com\/de\/wp-json\/wp\/v2\/media?parent=23070"}],"wp:term":[{"taxonomy":"product_cat","embeddable":true,"href":"https:\/\/mgvpublications.com\/de\/wp-json\/wp\/v2\/product_cat?post=23070"},{"taxonomy":"product_tag","embeddable":true,"href":"https:\/\/mgvpublications.com\/de\/wp-json\/wp\/v2\/product_tag?post=23070"},{"taxonomy":"item","embeddable":true,"href":"https:\/\/mgvpublications.com\/de\/wp-json\/wp\/v2\/item?post=23070"}],"curies":[{"name":"wp","href":"https:\/\/api.w.org\/{rel}","templated":true}]}}