{"id":23066,"date":"2022-04-08T06:15:21","date_gmt":"2022-04-08T04:15:21","guid":{"rendered":"https:\/\/mgvpublications.com\/kukla-misket-ineklerin-gosterisi\/"},"modified":"2022-04-08T06:15:21","modified_gmt":"2022-04-08T04:15:21","slug":"kukla-misket-ineklerin-gosterisi","status":"publish","type":"product","link":"https:\/\/mgvpublications.com\/de\/kukla-misket-ineklerin-gosterisi\/","title":{"rendered":"Kukla Misket \u0130neklerin G\u00f6sterisi"},"content":{"rendered":"<p>Yay\u0131n Tarihi: 08.07.2021<br \/>ISBN: 9786257779388<br \/>Dil: T\u00dcRK\u00c7E<br \/>Sayfa Say\u0131s\u0131: 24<br \/>Cilt Tipi: Karton Kapak<br \/>Ka\u011f\u0131t Cinsi: Kitap Ka\u011f\u0131d\u0131<br \/>Boyut: 21 x 26 cm<\/p>","protected":false},"excerpt":{"rendered":"<p>Mavi ah\u0131r inekleri b\u00fcy\u00fck bir g\u00f6steri yap\u0131yor. Bu g\u00f6steriyi sunmak i\u00e7in Kukla Misket kasaban\u0131n meydan\u0131na gidiyor. Kukla Misket g\u00f6steride ineklerin hangi maharetini \u00f6\u011freniyor? Yo\u011furt, peynir, tereya\u011f\u0131 nas\u0131l yap\u0131l\u0131yor? Siz de Kukla Misket ile tan\u0131\u015f\u0131p kitab\u0131n sonunda bulunan Kukla Misket maketiyle kendi hik\u00e2yeni olu\u015fturabilirsin. Bal tad\u0131nda okumalar.<\/p>","protected":false},"featured_media":23065,"template":"","meta":{"spay_email":""},"product_cat":[172],"product_tag":[],"item":[960],"acf":[],"_links":{"self":[{"href":"https:\/\/mgvpublications.com\/de\/wp-json\/wp\/v2\/product\/23066"}],"collection":[{"href":"https:\/\/mgvpublications.com\/de\/wp-json\/wp\/v2\/product"}],"about":[{"href":"https:\/\/mgvpublications.com\/de\/wp-json\/wp\/v2\/types\/product"}],"wp:featuredmedia":[{"embeddable":true,"href":"https:\/\/mgvpublications.com\/de\/wp-json\/wp\/v2\/media\/23065"}],"wp:attachment":[{"href":"https:\/\/mgvpublications.com\/de\/wp-json\/wp\/v2\/media?parent=23066"}],"wp:term":[{"taxonomy":"product_cat","embeddable":true,"href":"https:\/\/mgvpublications.com\/de\/wp-json\/wp\/v2\/product_cat?post=23066"},{"taxonomy":"product_tag","embeddable":true,"href":"https:\/\/mgvpublications.com\/de\/wp-json\/wp\/v2\/product_tag?post=23066"},{"taxonomy":"item","embeddable":true,"href":"https:\/\/mgvpublications.com\/de\/wp-json\/wp\/v2\/item?post=23066"}],"curies":[{"name":"wp","href":"https:\/\/api.w.org\/{rel}","templated":true}]}}