{"id":23060,"date":"2022-04-08T06:15:14","date_gmt":"2022-04-08T04:15:14","guid":{"rendered":"https:\/\/mgvpublications.com\/hadislerle-onu-anlamak\/"},"modified":"2022-04-08T06:15:14","modified_gmt":"2022-04-08T04:15:14","slug":"hadislerle-onu-anlamak","status":"publish","type":"product","link":"https:\/\/mgvpublications.com\/de\/hadislerle-onu-anlamak\/","title":{"rendered":"Hadislerle O&#8217;nu Anlamak"},"content":{"rendered":"<p>Yay\u0131n Tarihi: 31.05.2021<br \/>ISBN: 9786257779319<br \/>Dil: T\u00dcRK\u00c7E<br \/>Sayfa Say\u0131s\u0131: 386<br \/>Cilt Tipi: Ciltli<br \/>Ka\u011f\u0131t Cinsi: Kitap Ka\u011f\u0131d\u0131<br \/>Boyut: 13 x 21 cm<\/p>","protected":false},"excerpt":{"rendered":"<p>Hadislerle O\u2019nu Anlamak, hadisleri anlamada genel ve \u00f6zel ilkeleri, bir hadisi do\u011fru anlamak i\u00e7in metinde ve metin d\u0131\u015f\u0131nda aranmas\u0131 gereken esaslar\u0131, sade bir dille anlatarak her ya\u015ftan okuyucuya Hadis Us\u00fbl\u00fc\u2019ne dair k\u0131sa ama \u00f6z bir \u00e7er\u00e7eve \u00e7izmektedir. Eser, gen\u00e7 okur kitlesi ba\u015fta olmak \u00fczere, Allah Res\u00fbl\u00fc\u2019n\u00fc daha iyi ve do\u011fru bir kaynaktan \u00f6\u011frenmek isteyen herkese, onun hadislerinden bir demet sunmaktad\u0131r. Bunu yaparken de, hadisleri konular\u0131na g\u00f6re tasnif etmi\u015f b\u00f6ylece hem hadislerin hem de Peygamberimiz \u00f6nderli\u011finde Allah\u2019\u0131n, \u00e2lemin, insan\u0131n, dinin, ibadetlerin, ahl\u00e2k\u0131n, sosyal hayat\u0131n ve ebed\u00ee hayat\u0131n bilgisine en do\u011fru kaynaktan ula\u015f\u0131lmas\u0131n\u0131 sa\u011flam\u0131\u015ft\u0131r. Unutmayal\u0131m ki, bizler \u201c\u0130lim kad\u0131n erkek her M\u00fcsl\u00fcman\u2019a farzd\u0131r.\u201d (Eb\u00fb Dav\u00fbd, Edeb, 49) diyen Peygamber\u2019in \u00fcmmetiyiz. Onun s\u00f6zlerini do\u011fru anlamak aram\u0131zdaki ayr\u0131l\u0131klar\u0131 giderecek, kendisine kavu\u015fana dek bizi \u00fcmmet bilinciyle bir arada tutacakt\u0131r. Her \u015feyden \u00f6nemlisi hadisleri do\u011fru anlamak bizi Peygamberimize yak\u0131nla\u015ft\u0131racak ve Rabbimizin r\u0131zas\u0131n\u0131 kazanmam\u0131za vesile olacakt\u0131r. Peygamber Efendimizin \u00e7a\u011flar\u0131 a\u015fan \u00f6rnekli\u011fini, onun dilinden ve ilm\u00ee usullere uygun olarak anlatan kitap, siz de\u011ferli okuyucular\u0131yla bulu\u015fmay\u0131 bekliyor.<\/p>","protected":false},"featured_media":23059,"template":"","meta":{"spay_email":""},"product_cat":[174],"product_tag":[],"item":[960],"acf":[],"_links":{"self":[{"href":"https:\/\/mgvpublications.com\/de\/wp-json\/wp\/v2\/product\/23060"}],"collection":[{"href":"https:\/\/mgvpublications.com\/de\/wp-json\/wp\/v2\/product"}],"about":[{"href":"https:\/\/mgvpublications.com\/de\/wp-json\/wp\/v2\/types\/product"}],"wp:featuredmedia":[{"embeddable":true,"href":"https:\/\/mgvpublications.com\/de\/wp-json\/wp\/v2\/media\/23059"}],"wp:attachment":[{"href":"https:\/\/mgvpublications.com\/de\/wp-json\/wp\/v2\/media?parent=23060"}],"wp:term":[{"taxonomy":"product_cat","embeddable":true,"href":"https:\/\/mgvpublications.com\/de\/wp-json\/wp\/v2\/product_cat?post=23060"},{"taxonomy":"product_tag","embeddable":true,"href":"https:\/\/mgvpublications.com\/de\/wp-json\/wp\/v2\/product_tag?post=23060"},{"taxonomy":"item","embeddable":true,"href":"https:\/\/mgvpublications.com\/de\/wp-json\/wp\/v2\/item?post=23060"}],"curies":[{"name":"wp","href":"https:\/\/api.w.org\/{rel}","templated":true}]}}