{"id":23036,"date":"2022-04-08T06:14:39","date_gmt":"2022-04-08T04:14:39","guid":{"rendered":"https:\/\/mgvpublications.com\/risale-i-nur-kulliyatindan-anahtar-kelimeler-aciklamalar-ve-ornek-metinler\/"},"modified":"2022-04-08T06:14:39","modified_gmt":"2022-04-08T04:14:39","slug":"risale-i-nur-kulliyatindan-anahtar-kelimeler-aciklamalar-ve-ornek-metinler","status":"publish","type":"product","link":"https:\/\/mgvpublications.com\/de\/risale-i-nur-kulliyatindan-anahtar-kelimeler-aciklamalar-ve-ornek-metinler\/","title":{"rendered":"Risale-i Nur K\u00fclliyat\u0131ndan Anahtar Kelimeler A\u00e7\u0131klamalar ve \u00d6rnek Metinler"},"content":{"rendered":"<p>Yay\u0131n Tarihi: 26.03.2016<br \/>ISBN: 9789752613249<br \/>Dil: T\u00dcRK\u00c7E<br \/>Sayfa Say\u0131s\u0131: 366<br \/>Cilt Tipi: Karton Kapak<br \/>Ka\u011f\u0131t Cinsi: Kitap Ka\u011f\u0131d\u0131<br \/>Boyut: 16 x 24 cm<\/p>","protected":false},"excerpt":{"rendered":"<p>Nur Risalelerinde ki anahtar niteli\u011findeki kelime ve c\u00fcmleleri izah etme gayesiyle kaleme al\u0131nm\u0131\u015f olan bu eser, Risale-i Nur K\u00fclliyat\u0131n\u0131n, as\u0131l metniyle omuz omuza duran esasl\u0131 bir \u015ferh \u00e7al\u0131\u015fmas\u0131d\u0131r. Bu eserde Risale-i Nur&#8217;da ki hakikatler herkesin rahatl\u0131kla anlayarak ba\u015fkalar\u0131na aktarabilece\u011fi \u015fekilde ele al\u0131nm\u0131\u015ft\u0131r. Bu kitab\u0131n amac\u0131; Risale-i Nurun kurtar\u0131c\u0131 sayfalar\u0131 aras\u0131ndaki iman\u00ee konular\u0131n anla\u015f\u0131lmas\u0131, anlat\u0131lmas\u0131 ve herkese ula\u015ft\u0131r\u0131lmas\u0131d\u0131r. Risale-i Nur&#8217;un bak\u0131\u015f a\u00e7\u0131s\u0131 do\u011frultusunda haz\u0131rlanan bu kitab\u0131n \u00f6nemli bir bo\u015flu\u011fu dolduraca\u011f\u0131n\u0131 ve bir ba\u015fucu eseri olaca\u011f\u0131n\u0131 umuyoruz.<\/p>","protected":false},"featured_media":23035,"template":"","meta":{"spay_email":""},"product_cat":[174],"product_tag":[],"item":[800],"acf":[],"_links":{"self":[{"href":"https:\/\/mgvpublications.com\/de\/wp-json\/wp\/v2\/product\/23036"}],"collection":[{"href":"https:\/\/mgvpublications.com\/de\/wp-json\/wp\/v2\/product"}],"about":[{"href":"https:\/\/mgvpublications.com\/de\/wp-json\/wp\/v2\/types\/product"}],"wp:featuredmedia":[{"embeddable":true,"href":"https:\/\/mgvpublications.com\/de\/wp-json\/wp\/v2\/media\/23035"}],"wp:attachment":[{"href":"https:\/\/mgvpublications.com\/de\/wp-json\/wp\/v2\/media?parent=23036"}],"wp:term":[{"taxonomy":"product_cat","embeddable":true,"href":"https:\/\/mgvpublications.com\/de\/wp-json\/wp\/v2\/product_cat?post=23036"},{"taxonomy":"product_tag","embeddable":true,"href":"https:\/\/mgvpublications.com\/de\/wp-json\/wp\/v2\/product_tag?post=23036"},{"taxonomy":"item","embeddable":true,"href":"https:\/\/mgvpublications.com\/de\/wp-json\/wp\/v2\/item?post=23036"}],"curies":[{"name":"wp","href":"https:\/\/api.w.org\/{rel}","templated":true}]}}