{"id":23032,"date":"2022-04-08T06:14:33","date_gmt":"2022-04-08T04:14:33","guid":{"rendered":"https:\/\/mgvpublications.com\/mahur-beste\/"},"modified":"2022-04-08T06:14:33","modified_gmt":"2022-04-08T04:14:33","slug":"mahur-beste","status":"publish","type":"product","link":"https:\/\/mgvpublications.com\/de\/mahur-beste\/","title":{"rendered":"Mahur Beste"},"content":{"rendered":"<p>Yay\u0131n Tarihi: 01.03.2016<br \/>ISBN: 9789759955755<br \/>Dil: T\u00dcRK\u00c7E<br \/>Sayfa Say\u0131s\u0131: 156<br \/>Cilt Tipi: Karton Kapak<br \/>Ka\u011f\u0131t Cinsi: 3. Hm. Ka\u011f\u0131t<br \/>Boyut: 13.5 x 19.5 cm<\/p>","protected":false},"excerpt":{"rendered":"<p>Mahur Beste&#8217;de Tanp\u0131nar&#8217;\u0131n Huzur ve Sahnenin D\u0131\u015f\u0131ndakiler adl\u0131 romanlar\u0131nda \u00f6nemli bir motif olan &#8220;Mahur Beste&#8221; temas\u0131 \u00f6nemli yer tutar. Mahur Beste, ac\u0131 bir a\u015fk hikayesinin klasik musiki kal\u0131plar\u0131yla soyutlanmas\u0131d\u0131r. Tanp\u0131nar, klasik T\u00fcrk musikisini medeniyetimizin \u00f6zl\u00fc bir yans\u0131mas\u0131 olarak kabul eder. Mahur Beste&#8217;de Tanp\u0131nar&#8217;\u0131n di\u011fer eserlerinde de g\u00f6r\u00fclen medeniyet meselesi b\u00fcy\u00fck bir a\u011f\u0131rl\u0131kla ele al\u0131n\u0131r.<\/p>","protected":false},"featured_media":23031,"template":"","meta":{"spay_email":""},"product_cat":[168],"product_tag":[],"item":[356],"acf":[],"_links":{"self":[{"href":"https:\/\/mgvpublications.com\/de\/wp-json\/wp\/v2\/product\/23032"}],"collection":[{"href":"https:\/\/mgvpublications.com\/de\/wp-json\/wp\/v2\/product"}],"about":[{"href":"https:\/\/mgvpublications.com\/de\/wp-json\/wp\/v2\/types\/product"}],"wp:featuredmedia":[{"embeddable":true,"href":"https:\/\/mgvpublications.com\/de\/wp-json\/wp\/v2\/media\/23031"}],"wp:attachment":[{"href":"https:\/\/mgvpublications.com\/de\/wp-json\/wp\/v2\/media?parent=23032"}],"wp:term":[{"taxonomy":"product_cat","embeddable":true,"href":"https:\/\/mgvpublications.com\/de\/wp-json\/wp\/v2\/product_cat?post=23032"},{"taxonomy":"product_tag","embeddable":true,"href":"https:\/\/mgvpublications.com\/de\/wp-json\/wp\/v2\/product_tag?post=23032"},{"taxonomy":"item","embeddable":true,"href":"https:\/\/mgvpublications.com\/de\/wp-json\/wp\/v2\/item?post=23032"}],"curies":[{"name":"wp","href":"https:\/\/api.w.org\/{rel}","templated":true}]}}