{"id":23030,"date":"2022-04-08T06:14:28","date_gmt":"2022-04-08T04:14:28","guid":{"rendered":"https:\/\/mgvpublications.com\/sahnenin-disindakiler\/"},"modified":"2022-04-08T06:14:28","modified_gmt":"2022-04-08T04:14:28","slug":"sahnenin-disindakiler","status":"publish","type":"product","link":"https:\/\/mgvpublications.com\/de\/sahnenin-disindakiler\/","title":{"rendered":"Sahnenin D\u0131\u015f\u0131ndakiler"},"content":{"rendered":"<p>Yay\u0131n Tarihi: 15.09.2017<br \/>ISBN: 9789759955779<br \/>Dil: T\u00dcRK\u00c7E<br \/>Sayfa Say\u0131s\u0131: 373<br \/>Cilt Tipi: Karton Kapak<br \/>Ka\u011f\u0131t Cinsi: 3. Hm. Ka\u011f\u0131t<br \/>Boyut: 13.5 x 21 cm<\/p>","protected":false},"excerpt":{"rendered":"<p>Sahnenin D\u0131\u015f\u0131ndakiler&#8217;de kalabal\u0131k bir \u015fah\u0131s kadrosu vard\u0131r. Bunlar i\u00e7inde g\u00f6zden d\u00fc\u015fm\u00fc\u015f fakat kendilerinin her an hat\u0131rlanaca\u011f\u0131n\u0131 uman devlet adamlar\u0131, harp vurguncular\u0131, idealistler, hainler, fedakar kad\u0131nlar, d\u00fc\u015fm\u00fc\u015f kad\u0131nlar, de\u011fi\u015fen hayat \u015fartlar\u0131 i\u00e7inde yerlerini arayanlar, \u0131zd\u0131rab\u0131n hayatlar\u0131n\u0131 karartt\u0131\u011f\u0131 insanlar yer al\u0131r.<\/p>","protected":false},"featured_media":23029,"template":"","meta":{"spay_email":""},"product_cat":[168],"product_tag":[],"item":[356],"acf":[],"_links":{"self":[{"href":"https:\/\/mgvpublications.com\/de\/wp-json\/wp\/v2\/product\/23030"}],"collection":[{"href":"https:\/\/mgvpublications.com\/de\/wp-json\/wp\/v2\/product"}],"about":[{"href":"https:\/\/mgvpublications.com\/de\/wp-json\/wp\/v2\/types\/product"}],"wp:featuredmedia":[{"embeddable":true,"href":"https:\/\/mgvpublications.com\/de\/wp-json\/wp\/v2\/media\/23029"}],"wp:attachment":[{"href":"https:\/\/mgvpublications.com\/de\/wp-json\/wp\/v2\/media?parent=23030"}],"wp:term":[{"taxonomy":"product_cat","embeddable":true,"href":"https:\/\/mgvpublications.com\/de\/wp-json\/wp\/v2\/product_cat?post=23030"},{"taxonomy":"product_tag","embeddable":true,"href":"https:\/\/mgvpublications.com\/de\/wp-json\/wp\/v2\/product_tag?post=23030"},{"taxonomy":"item","embeddable":true,"href":"https:\/\/mgvpublications.com\/de\/wp-json\/wp\/v2\/item?post=23030"}],"curies":[{"name":"wp","href":"https:\/\/api.w.org\/{rel}","templated":true}]}}