{"id":23022,"date":"2022-04-08T06:14:16","date_gmt":"2022-04-08T04:14:16","guid":{"rendered":"https:\/\/mgvpublications.com\/yaban-muzu-2\/"},"modified":"2022-04-08T06:14:16","modified_gmt":"2022-04-08T04:14:16","slug":"yaban-muzu-2","status":"publish","type":"product","link":"https:\/\/mgvpublications.com\/de\/yaban-muzu-2\/","title":{"rendered":"Yaban Muzu"},"content":{"rendered":"<p>\u00c7evirmen: Emrah \u0130mre<br \/>Yay\u0131n Tarihi: 16.03.2022<br \/>ISBN: 9789750756528<br \/>Dil: T\u00dcRK\u00c7E<br \/>Sayfa Say\u0131s\u0131: 168<br \/>Cilt Tipi: Karton Kapak<br \/>Ka\u011f\u0131t Cinsi: Kitap Ka\u011f\u0131d\u0131<br \/>Boyut: 12.5 x 19.5 cm<\/p>","protected":false},"excerpt":{"rendered":"<p>G\u00f6\u011fe devaml\u0131 k\u0131rm\u0131z\u0131 bir tuz bulutu y\u00fckseliyordu, insanlar\u0131n k\u0131z\u0131la boyanm\u0131\u015f koca sigaralar\u0131 and\u0131ran kollar\u0131n\u0131n kald\u0131rd\u0131\u011f\u0131 k\u0131z\u0131l bir tozdu bu. \u0130nip kalkan kazma ve k\u00fcreklerin sesi sonu gelmez bir g\u00f6k g\u00fcr\u00fclt\u00fcs\u00fcn\u00fc and\u0131r\u0131yordu. Tepeler tamamen delik de\u015fikti. Topra\u011f\u0131n b\u00f6yle mahvedilmesi al\u00e7akl\u0131kt\u0131. Tabiat ana, topraktaki delikleri sonradan \u00e7orap s\u00f6k\u00fc\u011f\u00fc gibi onarmas\u0131 gerekece\u011fini g\u00f6rd\u00fck\u00e7e bunal\u0131yor olmal\u0131yd\u0131&#8230; Jos\u00e9 Mauro de Vasconcelos\u2019un ilk roman\u0131 Yaban Muzu 1942\u2019de yay\u0131mlanm\u0131\u015ft\u0131r. Yazar\u0131n kendi ya\u015fam\u0131ndan yola \u00e7\u0131karak kaleme ald\u0131\u011f\u0131 bu nefes kesici roman Brezilya\u2019daki garimpo ad\u0131 verilen a\u00e7\u0131k madenlerde ter d\u00f6kenlerin ya\u015fad\u0131klar\u0131 etraf\u0131nda geli\u015fir. \u0130nsanl\u0131k, dostluk, para h\u0131rs\u0131 ve do\u011fa katliam\u0131 gibi konulara de\u011finen Yaban Muzu\u2019ndaki temalar bug\u00fcn de g\u00fcncelli\u011fini koruyor. #dostluk #maden #para #ihanet #orman #do\u011fa #macera #brezilya<\/p>","protected":false},"featured_media":23021,"template":"","meta":{"spay_email":""},"product_cat":[168],"product_tag":[],"item":[369],"acf":[],"_links":{"self":[{"href":"https:\/\/mgvpublications.com\/de\/wp-json\/wp\/v2\/product\/23022"}],"collection":[{"href":"https:\/\/mgvpublications.com\/de\/wp-json\/wp\/v2\/product"}],"about":[{"href":"https:\/\/mgvpublications.com\/de\/wp-json\/wp\/v2\/types\/product"}],"wp:featuredmedia":[{"embeddable":true,"href":"https:\/\/mgvpublications.com\/de\/wp-json\/wp\/v2\/media\/23021"}],"wp:attachment":[{"href":"https:\/\/mgvpublications.com\/de\/wp-json\/wp\/v2\/media?parent=23022"}],"wp:term":[{"taxonomy":"product_cat","embeddable":true,"href":"https:\/\/mgvpublications.com\/de\/wp-json\/wp\/v2\/product_cat?post=23022"},{"taxonomy":"product_tag","embeddable":true,"href":"https:\/\/mgvpublications.com\/de\/wp-json\/wp\/v2\/product_tag?post=23022"},{"taxonomy":"item","embeddable":true,"href":"https:\/\/mgvpublications.com\/de\/wp-json\/wp\/v2\/item?post=23022"}],"curies":[{"name":"wp","href":"https:\/\/api.w.org\/{rel}","templated":true}]}}