{"id":23020,"date":"2022-04-08T06:14:15","date_gmt":"2022-04-08T04:14:15","guid":{"rendered":"https:\/\/mgvpublications.com\/istanbulun-fethi\/"},"modified":"2022-04-08T06:14:15","modified_gmt":"2022-04-08T04:14:15","slug":"istanbulun-fethi","status":"publish","type":"product","link":"https:\/\/mgvpublications.com\/de\/istanbulun-fethi\/","title":{"rendered":"\u0130stanbul\u2019un Fethi"},"content":{"rendered":"<p>Yay\u0131n Tarihi: 01.02.2022<br \/>ISBN: 9786258480122<br \/>Dil: T\u00dcRK\u00c7E<br \/>Sayfa Say\u0131s\u0131: 36<br \/>Cilt Tipi: Karton Kapak<br \/>Ka\u011f\u0131t Cinsi: 1. Hm. Ka\u011f\u0131t<br \/>Boyut: 22 x 20.3 cm<br \/>\u00c7izer: Afra Elif<\/p>","protected":false},"excerpt":{"rendered":"<p>Sevgili merakl\u0131 ve sanatsever \u00e7ocuklar, Fatih Sultan Mehmet&#8217;i tan\u0131yor musunuz? Peki, \u0130stanbul&#8217;u fetheden padi\u015fah oldu\u011funu biliyor musunuz? \u0130\u015fte, elinizde tuttu\u011funuz bu boyama kitab\u0131yla Fatih&#8217;in \u00e7ocuklu\u011funu, e\u011fitimini, ba\u015far\u0131lar\u0131n\u0131 ve en b\u00fcy\u00fck eseri olan fethini boyayarak, renklendirerek \u00f6\u011freneceksiniz. Haydi, ne duruyorsunuz? Haz\u0131rlay\u0131n o reng\u00e2renk kalemlerinizi&#8230; Fethin Fatih&#8217;i sizleri bekliyor!<\/p>","protected":false},"featured_media":23019,"template":"","meta":{"spay_email":""},"product_cat":[1588],"product_tag":[],"item":[1085],"acf":[],"_links":{"self":[{"href":"https:\/\/mgvpublications.com\/de\/wp-json\/wp\/v2\/product\/23020"}],"collection":[{"href":"https:\/\/mgvpublications.com\/de\/wp-json\/wp\/v2\/product"}],"about":[{"href":"https:\/\/mgvpublications.com\/de\/wp-json\/wp\/v2\/types\/product"}],"wp:featuredmedia":[{"embeddable":true,"href":"https:\/\/mgvpublications.com\/de\/wp-json\/wp\/v2\/media\/23019"}],"wp:attachment":[{"href":"https:\/\/mgvpublications.com\/de\/wp-json\/wp\/v2\/media?parent=23020"}],"wp:term":[{"taxonomy":"product_cat","embeddable":true,"href":"https:\/\/mgvpublications.com\/de\/wp-json\/wp\/v2\/product_cat?post=23020"},{"taxonomy":"product_tag","embeddable":true,"href":"https:\/\/mgvpublications.com\/de\/wp-json\/wp\/v2\/product_tag?post=23020"},{"taxonomy":"item","embeddable":true,"href":"https:\/\/mgvpublications.com\/de\/wp-json\/wp\/v2\/item?post=23020"}],"curies":[{"name":"wp","href":"https:\/\/api.w.org\/{rel}","templated":true}]}}