{"id":23018,"date":"2022-04-08T06:14:11","date_gmt":"2022-04-08T04:14:11","guid":{"rendered":"https:\/\/mgvpublications.com\/mahyamizi-nereye-asalim\/"},"modified":"2022-04-08T06:14:11","modified_gmt":"2022-04-08T04:14:11","slug":"mahyamizi-nereye-asalim","status":"publish","type":"product","link":"https:\/\/mgvpublications.com\/de\/mahyamizi-nereye-asalim\/","title":{"rendered":"Mahyam\u0131z\u0131 Nereye Asal\u0131m ?"},"content":{"rendered":"<p>Yay\u0131n Tarihi: 01.03.2022<br \/>ISBN: 9786258480160<br \/>Bask\u0131 Say\u0131s\u0131: Melike Dadak<br \/>Dil: T\u00dcRK\u00c7E<br \/>Sayfa Say\u0131s\u0131: 36<br \/>Cilt Tipi: Karton Kapak<br \/>Ka\u011f\u0131t Cinsi: 1. Hm. Ka\u011f\u0131t<br \/>Boyut: 22 x 20.3 cm<br \/>Derleyici: Melike Dadak<\/p>","protected":false},"excerpt":{"rendered":"<p>Mustafa do\u011fdu\u011fu \u015fehirden \u00e7oook uzak bir \u00fclkeye ta\u015f\u0131nd\u0131. Ramazan yakla\u015f\u0131yordu. Mustafa Ramazan&#8217;\u0131 \u00fclkesindeki gibi ya\u015famak istiyordu. Eksiklerini tamamlad\u0131. Her \u015fey haz\u0131rd\u0131. Tek bir \u015fey hari\u00e7. Mahyas\u0131z Ramazan olur mu hi\u00e7? Olmaz tabii. Mustafa ve arkada\u015flar\u0131 bir \u00e7\u00f6z\u00fcm bulabilecekler mi? Sayfalar\u0131 \u00e7evir haydi!<\/p>","protected":false},"featured_media":23017,"template":"","meta":{"spay_email":""},"product_cat":[172],"product_tag":[],"item":[1085],"acf":[],"_links":{"self":[{"href":"https:\/\/mgvpublications.com\/de\/wp-json\/wp\/v2\/product\/23018"}],"collection":[{"href":"https:\/\/mgvpublications.com\/de\/wp-json\/wp\/v2\/product"}],"about":[{"href":"https:\/\/mgvpublications.com\/de\/wp-json\/wp\/v2\/types\/product"}],"wp:featuredmedia":[{"embeddable":true,"href":"https:\/\/mgvpublications.com\/de\/wp-json\/wp\/v2\/media\/23017"}],"wp:attachment":[{"href":"https:\/\/mgvpublications.com\/de\/wp-json\/wp\/v2\/media?parent=23018"}],"wp:term":[{"taxonomy":"product_cat","embeddable":true,"href":"https:\/\/mgvpublications.com\/de\/wp-json\/wp\/v2\/product_cat?post=23018"},{"taxonomy":"product_tag","embeddable":true,"href":"https:\/\/mgvpublications.com\/de\/wp-json\/wp\/v2\/product_tag?post=23018"},{"taxonomy":"item","embeddable":true,"href":"https:\/\/mgvpublications.com\/de\/wp-json\/wp\/v2\/item?post=23018"}],"curies":[{"name":"wp","href":"https:\/\/api.w.org\/{rel}","templated":true}]}}