{"id":23014,"date":"2022-04-08T06:14:05","date_gmt":"2022-04-08T04:14:05","guid":{"rendered":"https:\/\/mgvpublications.com\/isik-bahceleri\/"},"modified":"2022-04-08T06:14:05","modified_gmt":"2022-04-08T04:14:05","slug":"isik-bahceleri","status":"publish","type":"product","link":"https:\/\/mgvpublications.com\/de\/isik-bahceleri\/","title":{"rendered":"I\u015f\u0131k Bah\u00e7eleri"},"content":{"rendered":"<p>\u00c7evirmen: Saadet \u00d6zen<br \/>Yay\u0131n Tarihi: 26.04.2019<br \/>Orijinal Ad\u0131: Les Jardins de Lumiere<br \/>ISBN: 9789750811951<br \/>Dil: T\u00dcRK\u00c7E<br \/>Sayfa Say\u0131s\u0131: 238<br \/>Cilt Tipi: Karton Kapak<br \/>Ka\u011f\u0131t Cinsi: Kitap Ka\u011f\u0131d\u0131<br \/>Boyut: 13.5 x 21 cm<\/p>","protected":false},"excerpt":{"rendered":"<p>\u00c7a\u011fda\u015f\u0131m\u0131z Mani&#8230; Ho\u015fg\u00f6r\u00fc peygamberi Mani&#8230; Amin Maalouf di\u011fer romanlar\u0131nda oldu\u011fu gibi yine bir karakterin ya\u015fam\u0131 \u00fczerinden d\u00fcnyaya a\u00e7\u0131larak yap\u0131t\u0131n\u0131 kuruyor. Mani&#8217;nin inanc\u0131 ve \u00f6yk\u00fcs\u00fc H\u0131ristiyanl\u0131k \u00e7a\u011f\u0131n\u0131n \u015fafa\u011f\u0131nda, \u0130sa&#8217;n\u0131n \u00f6l\u00fcm\u00fcnden iki y\u00fcz y\u0131l sonra ba\u015flar. Bizim \u00e7a\u011f\u0131m\u0131z\u0131n da kahraman\u0131 olabilecek Mani, ya\u015fam \u00f6yk\u00fcs\u00fcyle, son nefesine kadar savundu\u011fu inanc\u0131n\u0131n olu\u015fturdu\u011fu ki\u015fisel tarihiyle, o d\u00f6nemden yani II. y\u00fczy\u0131ldan beri hala varolan politik sorunlara da i\u015faret etmi\u015f oluyor. Mani&#8217;den bug\u00fcne, &#8221;sanat ve co\u015fku kayna\u011f\u0131 olan kitaplar\u0131ndan, ba\u011f\u0131\u015flay\u0131c\u0131 dininden, co\u015fkulu aray\u0131\u015flar\u0131ndan, insan, do\u011fa ve tanr\u0131sall\u0131k aras\u0131nda uyum isteyen \u00e7a\u011fr\u0131s\u0131ndan geriye&#8221; \u00e7ok az \u015fey kalm\u0131\u015f olsa da; ba\u011fnazl\u0131k ve iktidar h\u0131rs\u0131 yap\u0131t\u0131n\u0131 yok etmeye \u00e7al\u0131\u015fsa da Amin Maalouf onun Ayd\u0131nl\u0131klar&#8217;a a\u00e7\u0131lan inanc\u0131n\u0131 ele al\u0131yor ve Mani&#8217;nin \u00f6yk\u00fcs\u00fcyle bug\u00fcne &#8221;\u0131\u015f\u0131k&#8221; tutuyor.<\/p>","protected":false},"featured_media":23013,"template":"","meta":{"spay_email":""},"product_cat":[168],"product_tag":[],"item":[448],"acf":[],"_links":{"self":[{"href":"https:\/\/mgvpublications.com\/de\/wp-json\/wp\/v2\/product\/23014"}],"collection":[{"href":"https:\/\/mgvpublications.com\/de\/wp-json\/wp\/v2\/product"}],"about":[{"href":"https:\/\/mgvpublications.com\/de\/wp-json\/wp\/v2\/types\/product"}],"wp:featuredmedia":[{"embeddable":true,"href":"https:\/\/mgvpublications.com\/de\/wp-json\/wp\/v2\/media\/23013"}],"wp:attachment":[{"href":"https:\/\/mgvpublications.com\/de\/wp-json\/wp\/v2\/media?parent=23014"}],"wp:term":[{"taxonomy":"product_cat","embeddable":true,"href":"https:\/\/mgvpublications.com\/de\/wp-json\/wp\/v2\/product_cat?post=23014"},{"taxonomy":"product_tag","embeddable":true,"href":"https:\/\/mgvpublications.com\/de\/wp-json\/wp\/v2\/product_tag?post=23014"},{"taxonomy":"item","embeddable":true,"href":"https:\/\/mgvpublications.com\/de\/wp-json\/wp\/v2\/item?post=23014"}],"curies":[{"name":"wp","href":"https:\/\/api.w.org\/{rel}","templated":true}]}}