{"id":23010,"date":"2022-04-08T06:13:59","date_gmt":"2022-04-08T04:13:59","guid":{"rendered":"https:\/\/mgvpublications.com\/araplarin-gozunden-hacli-seferleri\/"},"modified":"2022-04-08T06:13:59","modified_gmt":"2022-04-08T04:13:59","slug":"araplarin-gozunden-hacli-seferleri","status":"publish","type":"product","link":"https:\/\/mgvpublications.com\/de\/araplarin-gozunden-hacli-seferleri\/","title":{"rendered":"Araplar\u0131n G\u00f6z\u00fcnden Ha\u00e7l\u0131 Seferleri"},"content":{"rendered":"<p>\u00c7evirmen: Ali Berktay<br \/>Yay\u0131n Tarihi: 10.01.2019<br \/>ISBN: 9789750811210<br \/>Dil: T\u00dcRK\u00c7E<br \/>Sayfa Say\u0131s\u0131: 266<br \/>Cilt Tipi: Karton Kapak<br \/>Ka\u011f\u0131t Cinsi: 1. Hm. Ka\u011f\u0131t<br \/>Boyut: 16.5 x 24 cm<\/p>","protected":false},"excerpt":{"rendered":"<p>T\u00fcm d\u00fcnyada oldu\u011fu gibi \u00fclkemizde de b\u00fcy\u00fck bir okur kitlesine sahip olan L\u00fcbnan as\u0131ll\u0131 Frans\u0131z yazar Amin Maalouf&#8217;un b\u00fcy\u00fck ses getiren kitab\u0131 &#8220;Araplar\u0131n G\u00f6z\u00fcnden Ha\u00e7l\u0131 Seferleri&#8221; YKY taraf\u0131ndan yay\u0131mland\u0131. Maalouf&#8217;un 1983 tarihli bu yap\u0131t\u0131, 11. y\u00fczy\u0131l\u0131n sonundan 13. y\u00fczy\u0131l\u0131n ba\u015f\u0131na kadar devam eden Ha\u00e7l\u0131 Seferleri&#8217;ni egemen tarih anlay\u0131\u015f\u0131n\u0131n yerine &#8220;\u00f6teki&#8221;nin g\u00f6z\u00fcnden anlat\u0131yor.<\/p>","protected":false},"featured_media":23009,"template":"","meta":{"spay_email":""},"product_cat":[170],"product_tag":[],"item":[448],"acf":[],"_links":{"self":[{"href":"https:\/\/mgvpublications.com\/de\/wp-json\/wp\/v2\/product\/23010"}],"collection":[{"href":"https:\/\/mgvpublications.com\/de\/wp-json\/wp\/v2\/product"}],"about":[{"href":"https:\/\/mgvpublications.com\/de\/wp-json\/wp\/v2\/types\/product"}],"wp:featuredmedia":[{"embeddable":true,"href":"https:\/\/mgvpublications.com\/de\/wp-json\/wp\/v2\/media\/23009"}],"wp:attachment":[{"href":"https:\/\/mgvpublications.com\/de\/wp-json\/wp\/v2\/media?parent=23010"}],"wp:term":[{"taxonomy":"product_cat","embeddable":true,"href":"https:\/\/mgvpublications.com\/de\/wp-json\/wp\/v2\/product_cat?post=23010"},{"taxonomy":"product_tag","embeddable":true,"href":"https:\/\/mgvpublications.com\/de\/wp-json\/wp\/v2\/product_tag?post=23010"},{"taxonomy":"item","embeddable":true,"href":"https:\/\/mgvpublications.com\/de\/wp-json\/wp\/v2\/item?post=23010"}],"curies":[{"name":"wp","href":"https:\/\/api.w.org\/{rel}","templated":true}]}}