{"id":23008,"date":"2022-04-08T06:13:58","date_gmt":"2022-04-08T04:13:58","guid":{"rendered":"https:\/\/mgvpublications.com\/insan-gelecegini-nasil-kurar-kendini-insa-etmenin-yollari\/"},"modified":"2022-04-12T18:09:38","modified_gmt":"2022-04-12T16:09:38","slug":"insan-gelecegini-nasil-kurar-kendini-insa-etmenin-yollari","status":"publish","type":"product","link":"https:\/\/mgvpublications.com\/de\/insan-gelecegini-nasil-kurar-kendini-insa-etmenin-yollari\/","title":{"rendered":"\u0130nsan Gelece\u011fini Nas\u0131l Kurar? Kendini \u0130n\u015fa Etmenin Yollar\u0131"},"content":{"rendered":"<p>Yay\u0131n Tarihi: 22.02.2022<br \/>ISBN: 9786258431254<br \/>Dil: T\u00dcRK\u00c7E<br \/>Sayfa Say\u0131s\u0131: 288<br \/>Cilt Tipi: Karton Kapak<br \/>Ka\u011f\u0131t Cinsi: 2. Hm. Ka\u011f\u0131t<br \/>Boyut: 13.5 x 21 cm<\/p>","protected":false},"excerpt":{"rendered":"<p>\u201cBir hedef bulacaks\u0131n\u0131z, o u\u011furda \u00e7al\u0131\u015facaks\u0131n\u0131z, hedefinizi ger\u00e7ekle\u015ftirmek i\u00e7in bir yol arayacaks\u0131n\u0131z, yol yoksa da o yolu yapacaks\u0131n\u0131z. Bir defa ge\u00e7ti\u011finiz yoldan da bir daha geri d\u00f6nmeyeceksiniz. \u00c7\u00fcnk\u00fc l\u00fczumsuz geri d\u00f6n\u00fc\u015f ba\u015far\u0131s\u0131zl\u0131kt\u0131r, tekrara d\u00fc\u015fmektir, ufku kapatmakt\u0131r. Hedef bulmak, yol a\u00e7mak ve ayn\u0131 yoldan geri d\u00f6nmemek\u2026 Hayattaki gayemiz budur.\u201d \u0130LBER ORTAYLI Kendi kendinin mimar\u0131 olma ve hayata at\u0131lma\u2026 Yetenek, ke\u015fif, merak, potansiyel, heves, ayakta kalma g\u00fcd\u00fcs\u00fc\u2026 \u00d6\u011frenmenin, \u00e7al\u0131\u015fman\u0131n, d\u00fc\u015f\u00fcnmenin yollar\u0131 ve y\u00f6ntemleri\u2026 \u00c7al\u0131\u015faca\u011f\u0131z, okuyaca\u011f\u0131z, g\u00f6rece\u011fiz, planlayaca\u011f\u0131z, kendimize bir hayat kuraca\u011f\u0131z, tamam ama bunu hangi \u00f6l\u00e7\u00fcye g\u00f6re yapaca\u011f\u0131z? \u0130lber Ortayl\u0131 bu kitapta ki\u015finin hayattaki gayesini nas\u0131l belirleyece\u011fini, hedefini nas\u0131l koyaca\u011f\u0131n\u0131, gelece\u011fini nas\u0131l planlayaca\u011f\u0131n\u0131, potansiyelini nas\u0131l de\u011ferlendirece\u011fini y\u00fczy\u0131llar\u0131n i\u00e7inde dola\u015farak, tarihin b\u00fcy\u00fck d\u00fc\u015f\u00fcn\u00fcrlerinin binlerce y\u0131la meydan okuyan g\u00f6r\u00fc\u015flerini de yan\u0131m\u0131za katarak izah ediyor. Kendimize her g\u00fcn sordu\u011fumuz ve cevap bulmakta zorland\u0131\u011f\u0131m\u0131z sorular\u0131 kendi deneyimleri ve engin bilgisi \u0131\u015f\u0131\u011f\u0131nda yan\u0131tl\u0131yor. \u00b7 \u0130nsan kendini nas\u0131l in\u015fa eder? \u00b7 Potansiyelimizi de\u011ferlendirebilmek i\u00e7in hangi yeteneklere sahip olmal\u0131y\u0131z? \u00b7 \u0130nsan hedefini nas\u0131l koyar, gelece\u011fe d\u00f6n\u00fck planlar\u0131n\u0131 nas\u0131l yapar? \u00b7 Yetene\u011fimizi, merak\u0131m\u0131z\u0131 nas\u0131l ke\u015ffederiz ve nas\u0131l geli\u015ftiririz? \u00b7 Kendi talihimizin mimar\u0131 olabilir miyiz? \u00b7 Etrafa bakma sanat\u0131 nedir, nas\u0131l \u00f6\u011frenilir? \u00b7 Mutluluk neden hem hakk\u0131m\u0131z hem de g\u00f6revimizdir? \u00b7 En zor zamanlarda direnme g\u00fcc\u00fcn\u00fc nerede bulaca\u011f\u0131z ve ilham\u0131 nelerde arayaca\u011f\u0131z? \u0130nsan Gelece\u011fini Nas\u0131l Kurar? ya\u015fam tecr\u00fcbesini payla\u015fmay\u0131 vazife bilen bir entelekt\u00fcelden, \u0130lber Hoca\u2019dan, okurlar i\u00e7in bir yol a\u00e7ma, yol yapma, kendini in\u015fa etme ve toplumu aya\u011fa kald\u0131rma rehberi. Platon, Seneca, Cicero, Farabi gibi bilgelerin ilham\u0131 e\u015fli\u011finde ve Yenal Bilgici\u2019nin sorular\u0131yla\u2026<\/p>","protected":false},"featured_media":23007,"template":"","meta":{"spay_email":""},"product_cat":[169],"product_tag":[],"item":[729],"acf":[],"_links":{"self":[{"href":"https:\/\/mgvpublications.com\/de\/wp-json\/wp\/v2\/product\/23008"}],"collection":[{"href":"https:\/\/mgvpublications.com\/de\/wp-json\/wp\/v2\/product"}],"about":[{"href":"https:\/\/mgvpublications.com\/de\/wp-json\/wp\/v2\/types\/product"}],"wp:featuredmedia":[{"embeddable":true,"href":"https:\/\/mgvpublications.com\/de\/wp-json\/wp\/v2\/media\/23007"}],"wp:attachment":[{"href":"https:\/\/mgvpublications.com\/de\/wp-json\/wp\/v2\/media?parent=23008"}],"wp:term":[{"taxonomy":"product_cat","embeddable":true,"href":"https:\/\/mgvpublications.com\/de\/wp-json\/wp\/v2\/product_cat?post=23008"},{"taxonomy":"product_tag","embeddable":true,"href":"https:\/\/mgvpublications.com\/de\/wp-json\/wp\/v2\/product_tag?post=23008"},{"taxonomy":"item","embeddable":true,"href":"https:\/\/mgvpublications.com\/de\/wp-json\/wp\/v2\/item?post=23008"}],"curies":[{"name":"wp","href":"https:\/\/api.w.org\/{rel}","templated":true}]}}