{"id":23006,"date":"2022-04-08T06:13:53","date_gmt":"2022-04-08T04:13:53","guid":{"rendered":"https:\/\/mgvpublications.com\/seyrusefer\/"},"modified":"2022-04-08T06:13:53","modified_gmt":"2022-04-08T04:13:53","slug":"seyrusefer","status":"publish","type":"product","link":"https:\/\/mgvpublications.com\/de\/seyrusefer\/","title":{"rendered":"Seyr\u00fcsefer"},"content":{"rendered":"<p>Yay\u0131n Tarihi: 18.05.2018<br \/>ISBN: 9786056824715<br \/>Dil: T\u00dcRK\u00c7E<br \/>Sayfa Say\u0131s\u0131: 224<br \/>Cilt Tipi: Karton Kapak<br \/>Ka\u011f\u0131t Cinsi: Kitap Ka\u011f\u0131d\u0131<br \/>Boyut: 13.5 x 21 cm<\/p>","protected":false},"excerpt":{"rendered":"<p>\u201cK\u0131rmadan \u0130ncitmeden\u201d ve \u201cKud\u00fcs Yaz\u0131lar\u0131\u201d isimli kitaplar\u0131 k\u0131sa s\u00fcrede \u00e7ok satanlar listesine giren Taha K\u0131l\u0131n\u00e7\u2019tan yepyeni bir kitap: Seyr\u00fcSefer. Fas\u2019tan G\u00fcney Afrika\u2019ya, Japonya\u2019dan L\u00fcbnan\u2019a, Makedonya\u2019dan Filistin\u2019e kadar 10 farkl\u0131 \u00fclkeye yapt\u0131\u011f\u0131 seyahatleri anlatt\u0131\u011f\u0131 ve foto\u011fraflarla zenginle\u015ftirdi\u011fi bu hat\u0131ra tad\u0131ndaki kitap yery\u00fcz\u00fcn\u00fcn M\u00fcsl\u00fcmanca bir bak\u0131\u015fla yeniden yorumlanmas\u0131na katk\u0131da bulunabilir. Yazar\u0131n \u00f6ns\u00f6zde de belirtti\u011fi gibi \u201cBence her M\u00fcsl\u00fcman, Allah\u2019\u0131n kendisine bah\u015fetti\u011fi imk\u00e2nlar \u00e7er\u00e7evesinde, yak\u0131n ya da uzak co\u011frafyay\u0131 gezmek, dola\u015fmak ve ke\u015ffetmek zorunda. Bunu yaparken de, yine Kur\u2019\u00e2n\u2019\u0131n bize buyurdu\u011fu gibi, eski medeniyetlerin ve toplumlar\u0131n ak\u0131betleri \u00fczerinde tefekk\u00fcr etmek, onlar\u0131n kurduklar\u0131 sistemleri ve hayat tarzlar\u0131n\u0131 -Kur\u2019\u00e2n buna \u2018s\u00fcnen\u2019 der- yak\u0131ndan incelemek, Allah\u2019\u0131n k\u00e2inattaki \u00e7e\u015fitli tasarruflar\u0131na kafa yormak, insano\u011flunun d\u00fcnya maceras\u0131n\u0131 sa\u011flam ve sahih bir temele oturtmay\u0131 ama\u00e7lamak mecburiyetinde.\u201d<\/p>","protected":false},"featured_media":23005,"template":"","meta":{"spay_email":""},"product_cat":[1588],"product_tag":[],"item":[1527],"acf":[],"_links":{"self":[{"href":"https:\/\/mgvpublications.com\/de\/wp-json\/wp\/v2\/product\/23006"}],"collection":[{"href":"https:\/\/mgvpublications.com\/de\/wp-json\/wp\/v2\/product"}],"about":[{"href":"https:\/\/mgvpublications.com\/de\/wp-json\/wp\/v2\/types\/product"}],"wp:featuredmedia":[{"embeddable":true,"href":"https:\/\/mgvpublications.com\/de\/wp-json\/wp\/v2\/media\/23005"}],"wp:attachment":[{"href":"https:\/\/mgvpublications.com\/de\/wp-json\/wp\/v2\/media?parent=23006"}],"wp:term":[{"taxonomy":"product_cat","embeddable":true,"href":"https:\/\/mgvpublications.com\/de\/wp-json\/wp\/v2\/product_cat?post=23006"},{"taxonomy":"product_tag","embeddable":true,"href":"https:\/\/mgvpublications.com\/de\/wp-json\/wp\/v2\/product_tag?post=23006"},{"taxonomy":"item","embeddable":true,"href":"https:\/\/mgvpublications.com\/de\/wp-json\/wp\/v2\/item?post=23006"}],"curies":[{"name":"wp","href":"https:\/\/api.w.org\/{rel}","templated":true}]}}