{"id":23004,"date":"2022-04-08T06:13:52","date_gmt":"2022-04-08T04:13:52","guid":{"rendered":"https:\/\/mgvpublications.com\/dallari-gokte-bir-agac\/"},"modified":"2022-04-08T06:13:52","modified_gmt":"2022-04-08T04:13:52","slug":"dallari-gokte-bir-agac","status":"publish","type":"product","link":"https:\/\/mgvpublications.com\/de\/dallari-gokte-bir-agac\/","title":{"rendered":"Dallar\u0131 G\u00f6kte Bir A\u011fa\u00e7"},"content":{"rendered":"<p>Yay\u0131n Tarihi: 08.12.2020<br \/>ISBN: 9786050610840<br \/>Dil: T\u00dcRK\u00c7E<br \/>Sayfa Say\u0131s\u0131: 168<br \/>Cilt Tipi: Karton Kapak<br \/>Ka\u011f\u0131t Cinsi: Kitap Ka\u011f\u0131d\u0131<br \/>Boyut: 13.5 x 21 cm<\/p>","protected":false},"excerpt":{"rendered":"<p>Taha K\u0131l\u0131n\u00e7\u2019\u0131n yeni kitab\u0131 \u201cDallar\u0131 G\u00f6kte Bir A\u011fa\u00e7\u201d raflardaki yerini ald\u0131. Yazar kitab\u0131n ad\u0131n\u0131, ayetten ilham alarak belirledi\u011fini ifade ediyor giri\u015f yaz\u0131s\u0131nda. Ayr\u0131ca kitab\u0131n, hem yaz\u0131lanlar i\u00e7in hem de okuyucular i\u00e7in bir dua niyetiyle kaleme al\u0131nd\u0131\u011f\u0131n\u0131 belirtiyor. Dallar\u0131 G\u00f6kte Bir A\u011fa\u00e7, ak\u0131c\u0131 \u00fcslubu ve nitelikli i\u00e7eri\u011fi ile \u201cDin nasihattir\u201d buyru\u011funun diriltici nefesini her sayfas\u0131nda hissettiriyor. G\u00fczel s\u00f6zlerin salih amellerle bir anlam ifade etti\u011fine de\u011finen K\u0131l\u0131n\u00e7, tutarl\u0131 ve istikrarl\u0131 bir M\u00fcsl\u00fcmanl\u0131k k\u0131vam\u0131nda sabit kalman\u0131n \u00f6nemini vurguluyor. \u00c7ok say\u0131da ba\u015fl\u0131ktan m\u00fcte\u015fekkil olan kitap, okuyucuyu al\u0131\u015fageldi\u011fimiz, hayat\u0131n s\u0131radanl\u0131\u011f\u0131 i\u00e7inde kaybolmu\u015f de\u011ferlerimize yeniden bakmaya \u00e7a\u011f\u0131r\u0131yor. Nasihatle\u015fmenin edebi anlamda g\u00fczel bir \u00f6rne\u011fini sergileyen eser; yer yer tek paragrafl\u0131k yaz\u0131larla aforizmal tarzda ilerliyor. Taha K\u0131l\u0131n\u00e7\u2019\u0131n \u00f6nceki eserlerinde g\u00f6rd\u00fc\u011f\u00fcm\u00fcz kar\u015f\u0131l\u0131kl\u0131 tefekk\u00fcr, sohbet, hasbihal yer yer dertle\u015fme halini \u201cDallar\u0131 G\u00f6kte Bir A\u011fa\u00e7\u201d eserinde de g\u00f6receksiniz. Son olarak kitab\u0131n ad\u0131na esin kayna\u011f\u0131 olan ayeti zikredelim; \u201cAllah\u2019\u0131n, g\u00fczel s\u00f6z i\u00e7in nas\u0131l bir misal verdi\u011fini g\u00f6rmez misin? (G\u00fczel s\u00f6z) K\u00f6k\u00fc yerde sabit ve dallar\u0131 da g\u00f6\u011fe uzanan g\u00fczel bir a\u011fa\u00e7 gibidir. Rabbinin izniyle, o (a\u011fa\u00e7) meyvesini her d\u00e2im vermeye devam eder. Allah, d\u00fc\u015f\u00fcn\u00fcp \u00f6\u011f\u00fct als\u0131nlar diye, insanlara (b\u00f6yle) \u00f6rnekler vermektedir.\u201d (\u0130br\u00e2h\u00eem.24-25)<\/p>","protected":false},"featured_media":23003,"template":"","meta":{"spay_email":""},"product_cat":[168],"product_tag":[],"item":[1527],"acf":[],"_links":{"self":[{"href":"https:\/\/mgvpublications.com\/de\/wp-json\/wp\/v2\/product\/23004"}],"collection":[{"href":"https:\/\/mgvpublications.com\/de\/wp-json\/wp\/v2\/product"}],"about":[{"href":"https:\/\/mgvpublications.com\/de\/wp-json\/wp\/v2\/types\/product"}],"wp:featuredmedia":[{"embeddable":true,"href":"https:\/\/mgvpublications.com\/de\/wp-json\/wp\/v2\/media\/23003"}],"wp:attachment":[{"href":"https:\/\/mgvpublications.com\/de\/wp-json\/wp\/v2\/media?parent=23004"}],"wp:term":[{"taxonomy":"product_cat","embeddable":true,"href":"https:\/\/mgvpublications.com\/de\/wp-json\/wp\/v2\/product_cat?post=23004"},{"taxonomy":"product_tag","embeddable":true,"href":"https:\/\/mgvpublications.com\/de\/wp-json\/wp\/v2\/product_tag?post=23004"},{"taxonomy":"item","embeddable":true,"href":"https:\/\/mgvpublications.com\/de\/wp-json\/wp\/v2\/item?post=23004"}],"curies":[{"name":"wp","href":"https:\/\/api.w.org\/{rel}","templated":true}]}}