{"id":23002,"date":"2022-04-08T06:13:47","date_gmt":"2022-04-08T04:13:47","guid":{"rendered":"https:\/\/mgvpublications.com\/neyi-nasil-yapmali\/"},"modified":"2022-04-08T17:15:37","modified_gmt":"2022-04-08T15:15:37","slug":"neyi-nasil-yapmali","status":"publish","type":"product","link":"https:\/\/mgvpublications.com\/de\/neyi-nasil-yapmali\/","title":{"rendered":"Neyi Nas\u0131l Yapmal\u0131 ?"},"content":{"rendered":"<p>Yay\u0131n Tarihi: 14.10.2019<br \/>ISBN: 9786056824791<br \/>Dil: T\u00dcRK\u00c7E<br \/>Sayfa Say\u0131s\u0131: 160<br \/>Cilt Tipi: Karton Kapak<br \/>Ka\u011f\u0131t Cinsi: Kitap Ka\u011f\u0131d\u0131<br \/>Boyut: 13.5 x 21 cm<\/p>","protected":false},"excerpt":{"rendered":"<p>Yazmaktan, okumaktan, konu\u015fmaktan, dostluktan, velhas\u0131l insanlar\u0131n birbiriyle kurdu\u011fu her t\u00fcrl\u00fc ileti\u015fimden tek bir murat var: \u0130yilikleri yaymak ve \u00e7o\u011faltmak, k\u00f6t\u00fcl\u00fckleri ise engellemek ve azaltmak. Elinizde tuttu\u011funuz kitab\u0131n da yay\u0131mlanma amac\u0131, tamamen bu. M\u00fcsl\u00fcmanlar aras\u0131ndaki temel vazifelerden biri olan \u201cnasihatle\u015fme\u201d misyonunu yerine getirme ad\u0131na, g\u00fcncel hayat\u0131m\u0131za, bizi biz yapan \u015feylere, kayg\u0131lar\u0131m\u0131za, problemlerimize, m\u00fchim meselelerimize ve \u015fahsiyetimizin ana unsurlar\u0131na dair ufak hat\u0131rlatmalar, de\u011finiler, \u015ferhler\u2026 Taha K\u0131l\u0131n\u00e7 yine kar\u015f\u0131l\u0131kl\u0131 sohbet, hasbihal ve dertle\u015fme \u00fcslubu ile &#8220;Neyi, Nas\u0131l Yapmal\u0131?&#8221;da baz\u0131 \u015feylerin \u00fczerinden yeniden ge\u00e7meyi tavsiye ediyor, yolda olman\u0131n \u00f6nemine vurgu yap\u0131yor. Daha \u00f6nemlisi hepimize \u00e7\u0131k\u0131\u015f noktalar\u0131n\u0131 i\u015faret ediyor.<\/p>","protected":false},"featured_media":23001,"template":"","meta":{"spay_email":""},"product_cat":[169],"product_tag":[],"item":[1527],"acf":[],"_links":{"self":[{"href":"https:\/\/mgvpublications.com\/de\/wp-json\/wp\/v2\/product\/23002"}],"collection":[{"href":"https:\/\/mgvpublications.com\/de\/wp-json\/wp\/v2\/product"}],"about":[{"href":"https:\/\/mgvpublications.com\/de\/wp-json\/wp\/v2\/types\/product"}],"wp:featuredmedia":[{"embeddable":true,"href":"https:\/\/mgvpublications.com\/de\/wp-json\/wp\/v2\/media\/23001"}],"wp:attachment":[{"href":"https:\/\/mgvpublications.com\/de\/wp-json\/wp\/v2\/media?parent=23002"}],"wp:term":[{"taxonomy":"product_cat","embeddable":true,"href":"https:\/\/mgvpublications.com\/de\/wp-json\/wp\/v2\/product_cat?post=23002"},{"taxonomy":"product_tag","embeddable":true,"href":"https:\/\/mgvpublications.com\/de\/wp-json\/wp\/v2\/product_tag?post=23002"},{"taxonomy":"item","embeddable":true,"href":"https:\/\/mgvpublications.com\/de\/wp-json\/wp\/v2\/item?post=23002"}],"curies":[{"name":"wp","href":"https:\/\/api.w.org\/{rel}","templated":true}]}}