{"id":22998,"date":"2022-04-08T06:13:41","date_gmt":"2022-04-08T04:13:41","guid":{"rendered":"https:\/\/mgvpublications.com\/kismetse-olur\/"},"modified":"2022-04-08T06:13:41","modified_gmt":"2022-04-08T04:13:41","slug":"kismetse-olur","status":"publish","type":"product","link":"https:\/\/mgvpublications.com\/de\/kismetse-olur\/","title":{"rendered":"K\u0131smetse Olur"},"content":{"rendered":"<p>Yay\u0131n Tarihi: 25.03.2022<br \/>ISBN: 9786052692677<br \/>Dil: T\u00dcRK\u00c7E<br \/>Sayfa Say\u0131s\u0131: 272<br \/>Cilt Tipi: Karton Kapak<br \/>Ka\u011f\u0131t Cinsi: Kitap Ka\u011f\u0131d\u0131<br \/>Boyut: 13.5 x 19.5 cm<\/p>","protected":false},"excerpt":{"rendered":"<p>Sabret! \u0130\u015fleri zora \u00e7eviren de Allah, Zordan \u00e7eviren de&#8230; Sen umudunu yitirme! G\u00fczel \u015feyler olmadan \u00f6nce, \u0130\u015fler her zaman ters gider. K\u0131\u015f\u0131n en \u00e7etin g\u00fcnleri ya\u015fanmadan, Bahar\u0131n gelmedi\u011fi gibi\u2026 Sak\u0131n umutsuz olma! Ve unutma; \u201cHi\u00e7 kimse kendisi i\u00e7in gizlenen m\u00fcjde ve mutlulu\u011fu bilemez.\u201d (Secde s\u00fbresi\/17)<\/p>","protected":false},"featured_media":22997,"template":"","meta":{"spay_email":""},"product_cat":[168],"product_tag":[],"item":[379],"acf":[],"_links":{"self":[{"href":"https:\/\/mgvpublications.com\/de\/wp-json\/wp\/v2\/product\/22998"}],"collection":[{"href":"https:\/\/mgvpublications.com\/de\/wp-json\/wp\/v2\/product"}],"about":[{"href":"https:\/\/mgvpublications.com\/de\/wp-json\/wp\/v2\/types\/product"}],"wp:featuredmedia":[{"embeddable":true,"href":"https:\/\/mgvpublications.com\/de\/wp-json\/wp\/v2\/media\/22997"}],"wp:attachment":[{"href":"https:\/\/mgvpublications.com\/de\/wp-json\/wp\/v2\/media?parent=22998"}],"wp:term":[{"taxonomy":"product_cat","embeddable":true,"href":"https:\/\/mgvpublications.com\/de\/wp-json\/wp\/v2\/product_cat?post=22998"},{"taxonomy":"product_tag","embeddable":true,"href":"https:\/\/mgvpublications.com\/de\/wp-json\/wp\/v2\/product_tag?post=22998"},{"taxonomy":"item","embeddable":true,"href":"https:\/\/mgvpublications.com\/de\/wp-json\/wp\/v2\/item?post=22998"}],"curies":[{"name":"wp","href":"https:\/\/api.w.org\/{rel}","templated":true}]}}