{"id":22988,"date":"2022-04-08T06:13:27","date_gmt":"2022-04-08T04:13:27","guid":{"rendered":"https:\/\/mgvpublications.com\/uzak-umutlar-sehri\/"},"modified":"2022-04-08T06:13:27","modified_gmt":"2022-04-08T04:13:27","slug":"uzak-umutlar-sehri","status":"publish","type":"product","link":"https:\/\/mgvpublications.com\/de\/uzak-umutlar-sehri\/","title":{"rendered":"Uzak Umutlar \u015eehri"},"content":{"rendered":"<p>Yay\u0131n Tarihi: 05.10.2021<br \/>ISBN: 9786050842883<br \/>Dil: T\u00dcRK\u00c7E<br \/>Sayfa Say\u0131s\u0131: 448<br \/>Cilt Tipi: Karton Kapak<br \/>Ka\u011f\u0131t Cinsi: Kitap Ka\u011f\u0131d\u0131<br \/>Boyut: 13.5 x 21 cm<\/p>","protected":false},"excerpt":{"rendered":"<p>Y\u0131llanm\u0131\u015f bir kan davas\u0131 u\u011fruna kararan hayatlar&#8230; A\u015fk ad\u0131 alt\u0131nda me\u015fru g\u00f6r\u00fclen cinayetler&#8230; Ve intikam ate\u015fiyle kavrulan y\u00fcrekler&#8230; P\u0131narba\u015f\u0131 Beldesi\u2019nin ya\u011f\u0131z delikanl\u0131s\u0131 Efruz, tan\u0131k oldu\u011fu menfur bir su\u00e7un a\u011f\u0131rl\u0131\u011f\u0131 alt\u0131nda ezilmektedir. En yak\u0131nlar\u0131n\u0131n eliyle i\u015flenen bu g\u00fcnah ruhunda derin yaralar a\u00e7ar. Ge\u00e7mi\u015fin kirinden ar\u0131narak hakikatin izini s\u00fcrmek isteyen Efruz i\u00e7in uzaklarda yeni bir ya\u015fam filizlenecektir. Peki ya t\u00fcrl\u00fc su\u00e7un, g\u00fcnah\u0131n ve intikam h\u0131rs\u0131n\u0131n karartt\u0131\u011f\u0131 hayatlarda ger\u00e7ekler g\u00fcn y\u00fcz\u00fcne \u00e7\u0131kacak m\u0131? A\u015fk, dostluk, vefa ve sadakat gibi kavramlar\u0131n yan\u0131 s\u0131ra t\u00fcrl\u00fc insani haslete dikkat \u00e7eken, toplumsal ve ferdi meselelere mercek tutan, ibret dolu bir Ahmed G\u00fcnbay Y\u0131ld\u0131z roman\u0131&#8230;<\/p>","protected":false},"featured_media":22987,"template":"","meta":{"spay_email":""},"product_cat":[168],"product_tag":[],"item":[360],"acf":[],"_links":{"self":[{"href":"https:\/\/mgvpublications.com\/de\/wp-json\/wp\/v2\/product\/22988"}],"collection":[{"href":"https:\/\/mgvpublications.com\/de\/wp-json\/wp\/v2\/product"}],"about":[{"href":"https:\/\/mgvpublications.com\/de\/wp-json\/wp\/v2\/types\/product"}],"wp:featuredmedia":[{"embeddable":true,"href":"https:\/\/mgvpublications.com\/de\/wp-json\/wp\/v2\/media\/22987"}],"wp:attachment":[{"href":"https:\/\/mgvpublications.com\/de\/wp-json\/wp\/v2\/media?parent=22988"}],"wp:term":[{"taxonomy":"product_cat","embeddable":true,"href":"https:\/\/mgvpublications.com\/de\/wp-json\/wp\/v2\/product_cat?post=22988"},{"taxonomy":"product_tag","embeddable":true,"href":"https:\/\/mgvpublications.com\/de\/wp-json\/wp\/v2\/product_tag?post=22988"},{"taxonomy":"item","embeddable":true,"href":"https:\/\/mgvpublications.com\/de\/wp-json\/wp\/v2\/item?post=22988"}],"curies":[{"name":"wp","href":"https:\/\/api.w.org\/{rel}","templated":true}]}}