{"id":22982,"date":"2022-04-08T06:13:15","date_gmt":"2022-04-08T04:13:15","guid":{"rendered":"https:\/\/mgvpublications.com\/benim-peygamberim-dogayi-cok-severdi\/"},"modified":"2022-06-19T14:46:50","modified_gmt":"2022-06-19T12:46:50","slug":"benim-peygamberim-dogayi-cok-severdi","status":"publish","type":"product","link":"https:\/\/mgvpublications.com\/de\/benim-peygamberim-dogayi-cok-severdi\/","title":{"rendered":"Benim Peygamber\u2019im Do\u011fay\u0131 \u00c7ok Severdi"},"content":{"rendered":"<p>Yay\u0131n Tarihi: 08.03.2022<br \/>ISBN: 9786258480184<br \/>Dil: T\u00dcRK\u00c7E<br \/>Sayfa Say\u0131s\u0131: 24<br \/>Cilt Tipi: Karton Kapak<br \/>Ka\u011f\u0131t Cinsi: Kitap Ka\u011f\u0131d\u0131<br \/>Boyut: 22 x 20.3 cm<br \/>\u00c7izer: \u00d6zlem G\u00fcne\u015f<br \/>Di\u011fer \u00d6zellik: 3+ Ya\u015f<\/p>","protected":false},"excerpt":{"rendered":"<p>Do\u011fa deyip ge\u00e7me, Peygamber\u2019in onu \u00e7ok severdi; A\u011fa\u00e7lar\u0131, ku\u015flar\u0131, \u00e7i\u00e7ekleri. Topra\u011f\u0131n alt\u0131ndakileri ve g\u00f6\u011fe uzananlar\u0131. O bir \u00e7evreci. O bir do\u011fa dostu. O benim Peygamber\u2019im. Ben O\u2019nu \u00e7ok seviyorum.<\/p>","protected":false},"featured_media":22981,"template":"","meta":{"spay_email":""},"product_cat":[172],"product_tag":[],"item":[1085],"acf":[],"_links":{"self":[{"href":"https:\/\/mgvpublications.com\/de\/wp-json\/wp\/v2\/product\/22982"}],"collection":[{"href":"https:\/\/mgvpublications.com\/de\/wp-json\/wp\/v2\/product"}],"about":[{"href":"https:\/\/mgvpublications.com\/de\/wp-json\/wp\/v2\/types\/product"}],"wp:featuredmedia":[{"embeddable":true,"href":"https:\/\/mgvpublications.com\/de\/wp-json\/wp\/v2\/media\/22981"}],"wp:attachment":[{"href":"https:\/\/mgvpublications.com\/de\/wp-json\/wp\/v2\/media?parent=22982"}],"wp:term":[{"taxonomy":"product_cat","embeddable":true,"href":"https:\/\/mgvpublications.com\/de\/wp-json\/wp\/v2\/product_cat?post=22982"},{"taxonomy":"product_tag","embeddable":true,"href":"https:\/\/mgvpublications.com\/de\/wp-json\/wp\/v2\/product_tag?post=22982"},{"taxonomy":"item","embeddable":true,"href":"https:\/\/mgvpublications.com\/de\/wp-json\/wp\/v2\/item?post=22982"}],"curies":[{"name":"wp","href":"https:\/\/api.w.org\/{rel}","templated":true}]}}