{"id":22978,"date":"2022-04-08T06:13:09","date_gmt":"2022-04-08T04:13:09","guid":{"rendered":"https:\/\/mgvpublications.com\/koyden-bir-cocuk\/"},"modified":"2022-04-08T06:13:09","modified_gmt":"2022-04-08T04:13:09","slug":"koyden-bir-cocuk","status":"publish","type":"product","link":"https:\/\/mgvpublications.com\/de\/koyden-bir-cocuk\/","title":{"rendered":"K\u00f6yden Bir \u00c7ocuk"},"content":{"rendered":"<p>\u00c7evirmen: K\u00fcbra \u00d6zt\u00fcrk<br \/>Yay\u0131n Tarihi: 12.05.2020<br \/>ISBN: 9786050605051<br \/>Dil: T\u00dcRK\u00c7E<br \/>Sayfa Say\u0131s\u0131: 125<br \/>Cilt Tipi: Karton Kapak<br \/>Ka\u011f\u0131t Cinsi: Kitap Ka\u011f\u0131d\u0131<br \/>Boyut: 14.5 x 21.5 cm<\/p>","protected":false},"excerpt":{"rendered":"<p>\u201c\u00d6z\u00fcm\u00fczde d\u00fcr\u00fcst oldu\u011fumuz zaman ba\u015fkalar\u0131n\u0131n da bir\u00e7ok meziyetleri oldu\u011funu g\u00f6r\u00fcr\u00fcz. Herhangi bir insan\u0131n g\u00fczel, \u00f6vg\u00fcye lay\u0131k olacak meziyetleri olmamas\u0131 m\u00fcmk\u00fcn de\u011fildir. Ama biz, ancak kendi ruhumuzda sevgi tohumlar\u0131n\u0131 yeti\u015ftirdi\u011fimiz zaman, insanlar\u0131n ruhlar\u0131n\u0131n derinli\u011findeki bu sevgi unsurlar\u0131n\u0131 yakalayabiliriz.\u201d diyen Seyyid Kutub, genellikle fikir ve aksiyon adam\u0131 olmas\u0131 a\u00e7\u0131s\u0131ndan incelenmi\u015ftir. Fikir ve aksiyon adam\u0131 olmas\u0131n\u0131n k\u00f6klerini ifade etmesi bak\u0131m\u0131ndan o; \u0130ngiliz s\u00f6m\u00fcrgesi alt\u0131ndaki M\u0131s\u0131r\u2019da do\u011fmu\u015f \u201cSaf ve masum bir k\u00f6yl\u00fc \u00e7ocu\u011fuydu.\u201d \u201cK\u00f6yden Bir \u00c7ocuk\u201d 1906 do\u011fumlu yazar\u0131n \u00f6zellikle ilk 10-12 y\u0131l\u0131n\u0131 kendi kaleminden ve duygusal bir pencereden okuyabilece\u011finiz m\u00fcstesna bir eserdir.<\/p>","protected":false},"featured_media":22977,"template":"","meta":{"spay_email":""},"product_cat":[174],"product_tag":[],"item":[940],"acf":[],"_links":{"self":[{"href":"https:\/\/mgvpublications.com\/de\/wp-json\/wp\/v2\/product\/22978"}],"collection":[{"href":"https:\/\/mgvpublications.com\/de\/wp-json\/wp\/v2\/product"}],"about":[{"href":"https:\/\/mgvpublications.com\/de\/wp-json\/wp\/v2\/types\/product"}],"wp:featuredmedia":[{"embeddable":true,"href":"https:\/\/mgvpublications.com\/de\/wp-json\/wp\/v2\/media\/22977"}],"wp:attachment":[{"href":"https:\/\/mgvpublications.com\/de\/wp-json\/wp\/v2\/media?parent=22978"}],"wp:term":[{"taxonomy":"product_cat","embeddable":true,"href":"https:\/\/mgvpublications.com\/de\/wp-json\/wp\/v2\/product_cat?post=22978"},{"taxonomy":"product_tag","embeddable":true,"href":"https:\/\/mgvpublications.com\/de\/wp-json\/wp\/v2\/product_tag?post=22978"},{"taxonomy":"item","embeddable":true,"href":"https:\/\/mgvpublications.com\/de\/wp-json\/wp\/v2\/item?post=22978"}],"curies":[{"name":"wp","href":"https:\/\/api.w.org\/{rel}","templated":true}]}}