{"id":22972,"date":"2022-04-08T06:13:02","date_gmt":"2022-04-08T04:13:02","guid":{"rendered":"https:\/\/mgvpublications.com\/ali-gel-ve-maceralari-1\/"},"modified":"2022-04-08T06:13:02","modified_gmt":"2022-04-08T04:13:02","slug":"ali-gel-ve-maceralari-1","status":"publish","type":"product","link":"https:\/\/mgvpublications.com\/de\/ali-gel-ve-maceralari-1\/","title":{"rendered":"Ali Gel ve Maceralar\u0131 1"},"content":{"rendered":"<p>Yay\u0131n Tarihi: 13.07.2020<br \/>ISBN: 9786052236420<br \/>Dil: T\u00dcRK\u00c7E<br \/>Sayfa Say\u0131s\u0131: 104<br \/>Cilt Tipi: Karton Kapak<br \/>Ka\u011f\u0131t Cinsi: Kitap Ka\u011f\u0131d\u0131<br \/>Boyut: 13.5 x 21 cm<br \/>\u00c7izer: Murat Tanhu Y\u0131lmaz<br \/>Di\u011fer \u00d6zellik: 7+ Ya\u015f<\/p>","protected":false},"excerpt":{"rendered":"<p>Benim ad\u0131m AL\u0130 GEL! \u0130nsan\u0131n hem annesi hem de babas\u0131 \u00f6\u011fretmen olunca, b\u00f6yle bir isme sahip oldu\u011funa hi\u00e7 \u015fa\u015f\u0131rm\u0131yor. Ben ismimi seviyorum. Herkesin bildi\u011fi ve kimsenin asla unutamad\u0131\u011f\u0131 bir isim bu. Bak\u0131n i\u015fte bu da KU\u015e! Ba\u015fka bir ismi yok! Sadece Ku\u015f! Aram\u0131zda kals\u0131n ama biraz tuhaf bir hayvan. Bunu size nas\u0131l s\u00f6yleyece\u011fimi bilemiyorum fakat s\u00f6ylemem gerekti\u011fini de biliyorum. \u015eey&#8230; Bu ku\u015f konu\u015fuyor! Evet t\u0131pk\u0131 insanlar gibi. \u00dcstelik olduk\u00e7a da geveze&#8230; \u0130nanmas\u0131 zor biliyorum ama \u00f6yle i\u015fte&#8230; Bu arada benim bir kutum var. S\u0131radan bir kutu de\u011fil. Onunla d\u00fcnyay\u0131 dola\u015f\u0131yorum! Nas\u0131l m\u0131? \u00d6nce Yery\u00fcz\u00fc Ansiklopedisi\u2019nden bir yer se\u00e7iyorum, sonra kutunun i\u00e7inde o yere ait b\u00f6l\u00fcm\u00fc okuyorum. Sonra hoop! Kendimi orada buluyorum. Biliyorum, biliyorum. \u0130nanmas\u0131 zor ama \u00f6yle i\u015fte&#8230;<\/p>","protected":false},"featured_media":22971,"template":"","meta":{"spay_email":""},"product_cat":[172],"product_tag":[],"item":[692],"acf":[],"_links":{"self":[{"href":"https:\/\/mgvpublications.com\/de\/wp-json\/wp\/v2\/product\/22972"}],"collection":[{"href":"https:\/\/mgvpublications.com\/de\/wp-json\/wp\/v2\/product"}],"about":[{"href":"https:\/\/mgvpublications.com\/de\/wp-json\/wp\/v2\/types\/product"}],"wp:featuredmedia":[{"embeddable":true,"href":"https:\/\/mgvpublications.com\/de\/wp-json\/wp\/v2\/media\/22971"}],"wp:attachment":[{"href":"https:\/\/mgvpublications.com\/de\/wp-json\/wp\/v2\/media?parent=22972"}],"wp:term":[{"taxonomy":"product_cat","embeddable":true,"href":"https:\/\/mgvpublications.com\/de\/wp-json\/wp\/v2\/product_cat?post=22972"},{"taxonomy":"product_tag","embeddable":true,"href":"https:\/\/mgvpublications.com\/de\/wp-json\/wp\/v2\/product_tag?post=22972"},{"taxonomy":"item","embeddable":true,"href":"https:\/\/mgvpublications.com\/de\/wp-json\/wp\/v2\/item?post=22972"}],"curies":[{"name":"wp","href":"https:\/\/api.w.org\/{rel}","templated":true}]}}