{"id":22962,"date":"2022-04-08T06:12:46","date_gmt":"2022-04-08T04:12:46","guid":{"rendered":"https:\/\/mgvpublications.com\/akrebin-tilsimi\/"},"modified":"2022-04-08T06:12:46","modified_gmt":"2022-04-08T04:12:46","slug":"akrebin-tilsimi","status":"publish","type":"product","link":"https:\/\/mgvpublications.com\/de\/akrebin-tilsimi\/","title":{"rendered":"Akrebin T\u0131ls\u0131m\u0131"},"content":{"rendered":"<p>Yay\u0131n Tarihi: 18.03.2022<br \/>ISBN: 9786258480207<br \/>Dil: T\u00dcRK\u00c7E<br \/>Sayfa Say\u0131s\u0131: 192<br \/>Cilt Tipi: Karton Kapak<br \/>Ka\u011f\u0131t Cinsi: Kitap Ka\u011f\u0131d\u0131<br \/>Boyut: 13.5 x 21 cm<br \/>Di\u011fer \u00d6zellik: 8+ Ya\u015f<\/p>","protected":false},"excerpt":{"rendered":"<p>&#8220;Kaya Hasan\u2019\u0131n ne demek istedi\u011fini anlamam\u0131\u015ft\u0131, anlayamazd\u0131 da zaten. Hasankeyf halk\u0131 yak\u0131nda \u015fu an oturduklar\u0131 evlerden yeni evlerine gideceklerdi. Yeni evlenen gelin damat gibi do\u011fup b\u00fcy\u00fcd\u00fckleri evlerden kopacaklar, yepyeni bir hayata ba\u015flayacaklard\u0131. K\u00f6klerini, izlerini, \u00e7ocukluklar\u0131n\u0131 sular alt\u0131nda b\u0131rakacaklard\u0131. Belki att\u0131klar\u0131 kahkahalar, d\u00f6kt\u00fckleri g\u00f6zya\u015flar\u0131 bal\u0131klara yem olacakt\u0131. Anlayamazd\u0131 ya Kaya, Hasan da bu\u011fulanan g\u00f6zlerinin sebebini anlatmad\u0131. Kaya sormad\u0131 ama sormamas\u0131 gerekti\u011fini anlad\u0131.&#8221; Hasan, Kaya ve Dicle\u2026 Bu \u00fc\u00e7 \u00e7ocu\u011fun yollar\u0131 12.000 y\u0131ld\u0131r bir\u00e7ok medeniyete ev sahipli\u011fi yapan Hasankeyf\u2019te kesi\u015fir. Y\u0131llar y\u0131llar \u00f6nce Hasankeyf Kalesi\u2019nden akrep t\u0131ls\u0131m\u0131 \u00e7al\u0131n\u0131r. Peki, bu \u00fc\u00e7 \u00e7ocu\u011fun akrep t\u0131ls\u0131m\u0131yla ne ili\u015fkisi var? Akrep t\u0131ls\u0131m\u0131 yeniden yerine konabilecek mi? Tarih, macera ve gizemlerle dolu bir hik\u00e2yede, kahramanlar\u0131m\u0131zla birlikte bir gezinti yapmaya ne dersiniz?<\/p>","protected":false},"featured_media":22961,"template":"","meta":{"spay_email":""},"product_cat":[172],"product_tag":[],"item":[1085],"acf":[],"_links":{"self":[{"href":"https:\/\/mgvpublications.com\/de\/wp-json\/wp\/v2\/product\/22962"}],"collection":[{"href":"https:\/\/mgvpublications.com\/de\/wp-json\/wp\/v2\/product"}],"about":[{"href":"https:\/\/mgvpublications.com\/de\/wp-json\/wp\/v2\/types\/product"}],"wp:featuredmedia":[{"embeddable":true,"href":"https:\/\/mgvpublications.com\/de\/wp-json\/wp\/v2\/media\/22961"}],"wp:attachment":[{"href":"https:\/\/mgvpublications.com\/de\/wp-json\/wp\/v2\/media?parent=22962"}],"wp:term":[{"taxonomy":"product_cat","embeddable":true,"href":"https:\/\/mgvpublications.com\/de\/wp-json\/wp\/v2\/product_cat?post=22962"},{"taxonomy":"product_tag","embeddable":true,"href":"https:\/\/mgvpublications.com\/de\/wp-json\/wp\/v2\/product_tag?post=22962"},{"taxonomy":"item","embeddable":true,"href":"https:\/\/mgvpublications.com\/de\/wp-json\/wp\/v2\/item?post=22962"}],"curies":[{"name":"wp","href":"https:\/\/api.w.org\/{rel}","templated":true}]}}