{"id":22958,"date":"2022-04-08T06:12:40","date_gmt":"2022-04-08T04:12:40","guid":{"rendered":"https:\/\/mgvpublications.com\/super-kahraman-akademisi-hayvanya\/"},"modified":"2022-04-08T06:12:40","modified_gmt":"2022-04-08T04:12:40","slug":"super-kahraman-akademisi-hayvanya","status":"publish","type":"product","link":"https:\/\/mgvpublications.com\/de\/super-kahraman-akademisi-hayvanya\/","title":{"rendered":"S\u00fcper Kahraman Akademisi : Hayvanya"},"content":{"rendered":"<p>Yay\u0131n Tarihi: 18.03.2022<br \/>ISBN: 9786258480238<br \/>Dil: T\u00dcRK\u00c7E<br \/>Sayfa Say\u0131s\u0131: 176<br \/>Cilt Tipi: Karton Kapak<br \/>Ka\u011f\u0131t Cinsi: Kitap Ka\u011f\u0131d\u0131<br \/>Boyut: 16.5 x 23.5 cm<br \/>Di\u011fer \u00d6zellik: 8+ Ya\u015f<\/p>","protected":false},"excerpt":{"rendered":"<p>S\u00fcper Kahraman Akademisi&#8217;ne ho\u015f geldiniz! Biz kimiz? Nas\u0131l s\u00fcper kahraman olunur? Bunlar asl\u0131nda s\u0131r ama siz yabanc\u0131 say\u0131lmazs\u0131n\u0131z. Anla\u015f\u0131rsak bundan sonra s\u0131rda\u015f\u0131z. Bu s\u0131rlar\u0131 sadece g\u00fcvendi\u011finiz arkada\u015flar\u0131n\u0131zla payla\u015fabilirsiniz. Tamam m\u0131? Keskin g\u00f6zler, g\u00fc\u00e7l\u00fc kollar, m\u00fcthi\u015f bir h\u0131z, s\u00fcpersonik kulaklar, deh\u015fetengiz bir dayan\u0131kl\u0131l\u0131k, inan\u0131lmaz bir kamuflaj becerisi, asl\u0131ndan ay\u0131rt edilemez bir ses taklit yetene\u011fi, \u00f6l\u00fcmc\u00fcl zehir \u00fcretimi, ilgin\u00e7 soy ba\u011flar\u0131, robotlar\u0131 bile kendine hayran b\u0131rakan kuyruklar, harikulade t\u00fcyler, fevkalade boynuzlar, s\u0131n\u0131r tan\u0131mayan bir uyku ve daha nicesi&#8230; \u0130\u015fte buras\u0131: HAYVANYA!<\/p>","protected":false},"featured_media":22957,"template":"","meta":{"spay_email":""},"product_cat":[172],"product_tag":[],"item":[1085],"acf":[],"_links":{"self":[{"href":"https:\/\/mgvpublications.com\/de\/wp-json\/wp\/v2\/product\/22958"}],"collection":[{"href":"https:\/\/mgvpublications.com\/de\/wp-json\/wp\/v2\/product"}],"about":[{"href":"https:\/\/mgvpublications.com\/de\/wp-json\/wp\/v2\/types\/product"}],"wp:featuredmedia":[{"embeddable":true,"href":"https:\/\/mgvpublications.com\/de\/wp-json\/wp\/v2\/media\/22957"}],"wp:attachment":[{"href":"https:\/\/mgvpublications.com\/de\/wp-json\/wp\/v2\/media?parent=22958"}],"wp:term":[{"taxonomy":"product_cat","embeddable":true,"href":"https:\/\/mgvpublications.com\/de\/wp-json\/wp\/v2\/product_cat?post=22958"},{"taxonomy":"product_tag","embeddable":true,"href":"https:\/\/mgvpublications.com\/de\/wp-json\/wp\/v2\/product_tag?post=22958"},{"taxonomy":"item","embeddable":true,"href":"https:\/\/mgvpublications.com\/de\/wp-json\/wp\/v2\/item?post=22958"}],"curies":[{"name":"wp","href":"https:\/\/api.w.org\/{rel}","templated":true}]}}