{"id":22956,"date":"2022-04-08T06:12:39","date_gmt":"2022-04-08T04:12:39","guid":{"rendered":"https:\/\/mgvpublications.com\/bizansin-gizli-tarihi-ciltsiz\/"},"modified":"2022-04-08T06:12:39","modified_gmt":"2022-04-08T04:12:39","slug":"bizansin-gizli-tarihi-ciltsiz","status":"publish","type":"product","link":"https:\/\/mgvpublications.com\/de\/bizansin-gizli-tarihi-ciltsiz\/","title":{"rendered":"Bizans&#8217;\u0131n Gizli Tarihi (ciltsiz)"},"content":{"rendered":"<p>\u00c7evirmen: Orhan Duru<br \/>Yay\u0131n Tarihi: 31.05.2019<br \/>ISBN: 9789944884549<br \/>Dil: T\u00dcRK\u00c7E<br \/>Sayfa Say\u0131s\u0131: 160<br \/>Cilt Tipi: Karton Kapak<br \/>Ka\u011f\u0131t Cinsi: Kitap Ka\u011f\u0131d\u0131<br \/>Boyut: 15.5 x 23 cm<\/p>","protected":false},"excerpt":{"rendered":"<p>Prokopios, \u0130mparator \u0130ustinianos zaman\u0131n\u0131 anlatt\u0131\u011f\u0131 Bizans\u2019\u0131n Gizli Tarihi\u2019nde daha \u00f6nceki kitaplar\u0131nda zamana uydurmak zorunda kald\u0131\u011f\u0131, i\u015fin i\u00e7y\u00fcz\u00fcn\u00fc a\u00e7\u0131klamay\u0131 g\u00f6ze alamad\u0131\u011f\u0131, sessizce ge\u00e7i\u015ftirilmi\u015f olaylar\u0131 apa\u00e7\u0131k ortaya koydu\u011funu belirtir.<\/p>","protected":false},"featured_media":22955,"template":"","meta":{"spay_email":""},"product_cat":[168],"product_tag":[],"item":[336],"acf":[],"_links":{"self":[{"href":"https:\/\/mgvpublications.com\/de\/wp-json\/wp\/v2\/product\/22956"}],"collection":[{"href":"https:\/\/mgvpublications.com\/de\/wp-json\/wp\/v2\/product"}],"about":[{"href":"https:\/\/mgvpublications.com\/de\/wp-json\/wp\/v2\/types\/product"}],"wp:featuredmedia":[{"embeddable":true,"href":"https:\/\/mgvpublications.com\/de\/wp-json\/wp\/v2\/media\/22955"}],"wp:attachment":[{"href":"https:\/\/mgvpublications.com\/de\/wp-json\/wp\/v2\/media?parent=22956"}],"wp:term":[{"taxonomy":"product_cat","embeddable":true,"href":"https:\/\/mgvpublications.com\/de\/wp-json\/wp\/v2\/product_cat?post=22956"},{"taxonomy":"product_tag","embeddable":true,"href":"https:\/\/mgvpublications.com\/de\/wp-json\/wp\/v2\/product_tag?post=22956"},{"taxonomy":"item","embeddable":true,"href":"https:\/\/mgvpublications.com\/de\/wp-json\/wp\/v2\/item?post=22956"}],"curies":[{"name":"wp","href":"https:\/\/api.w.org\/{rel}","templated":true}]}}