{"id":22954,"date":"2022-04-08T06:12:34","date_gmt":"2022-04-08T04:12:34","guid":{"rendered":"https:\/\/mgvpublications.com\/islam-inanc-esaslari-fikh-i-ekber-serhi\/"},"modified":"2022-04-08T06:12:34","modified_gmt":"2022-04-08T04:12:34","slug":"islam-inanc-esaslari-fikh-i-ekber-serhi","status":"publish","type":"product","link":"https:\/\/mgvpublications.com\/de\/islam-inanc-esaslari-fikh-i-ekber-serhi\/","title":{"rendered":"\u0130slam \u0130nan\u00e7 Esaslar\u0131 (F\u0131kh-\u0131 Ekber \u015eerhi)"},"content":{"rendered":"<p>\u00c7evirmen: Murat Memi\u015f<br \/>Yay\u0131n Tarihi: 16.09.2020<br \/>ISBN: 9786054921331<br \/>Dil: T\u00dcRK\u00c7E<br \/>Sayfa Say\u0131s\u0131: 128<br \/>Cilt Tipi: Karton Kapak<br \/>Ka\u011f\u0131t Cinsi: Kitap Ka\u011f\u0131d\u0131<br \/>Boyut: 16.5 x 24 cm<\/p>","protected":false},"excerpt":{"rendered":"<p>\u0130mam-Azam Eb\u00fb Hanife\u2019nin Ehl-i S\u00fcnnet akidesini tespit ve tesis etmek \u00fczere kaleme ald\u0131\u011f\u0131 F\u0131kh- Ekber adl\u0131 eser, \u0130sl\u00e2m k\u00fclt\u00fcr miras\u0131m\u0131z\u0131n en \u00f6nemli eserlerinden biridir. Hacmi k\u00fc\u00e7\u00fck fakat \u00f6nemi ve etkisi b\u00fcy\u00fck bu nadide eserin en belirgin \u00f6zelli\u011fi, \u0130sl\u00e2m inan\u00e7 esaslar\u0131n\u0131 Kur\u2019an ve S\u00fcnnet \u0131\u015f\u0131\u011f\u0131 alt\u0131nda \u00f6zl\u00fc ve anla\u015f\u0131l\u0131r bir bi\u00e7imde okuyucuya sunmas\u0131d\u0131r. \u00c7evirisini sundu\u011fumuz elinizdeki bu k\u00fc\u00e7\u00fck risale de tarih boyunca M\u00fcsl\u00fcmanlar\u0131n yo\u011fun ilgisine mazhar olan F\u0131kh- Ekber\u2019in pek \u00e7ok \u015ferhinden yaln\u0131zca bir tanesidir. Onu di\u011ferlerinden ay\u0131ran \u00f6zellik, itikattaki \u0130mam\u0131m\u0131z Eb\u00fb Mansur el-M\u00e2t\u00fcr\u00eed\u00ee\u2019ye atfedilmi\u015f olmas\u0131d\u0131r. Amelde ve itikatta bize \u00f6nderlik eden iki b\u00fcy\u00fck \u0130mam\u0131m\u0131z\u0131 bulu\u015fturan bu m\u00fctevaz\u0131 eseri sizlerin takdir ve be\u011fenisine sunmaktan bahtiyar\u0131z.<\/p>","protected":false},"featured_media":22953,"template":"","meta":{"spay_email":""},"product_cat":[174],"product_tag":[],"item":[1388],"acf":[],"_links":{"self":[{"href":"https:\/\/mgvpublications.com\/de\/wp-json\/wp\/v2\/product\/22954"}],"collection":[{"href":"https:\/\/mgvpublications.com\/de\/wp-json\/wp\/v2\/product"}],"about":[{"href":"https:\/\/mgvpublications.com\/de\/wp-json\/wp\/v2\/types\/product"}],"wp:featuredmedia":[{"embeddable":true,"href":"https:\/\/mgvpublications.com\/de\/wp-json\/wp\/v2\/media\/22953"}],"wp:attachment":[{"href":"https:\/\/mgvpublications.com\/de\/wp-json\/wp\/v2\/media?parent=22954"}],"wp:term":[{"taxonomy":"product_cat","embeddable":true,"href":"https:\/\/mgvpublications.com\/de\/wp-json\/wp\/v2\/product_cat?post=22954"},{"taxonomy":"product_tag","embeddable":true,"href":"https:\/\/mgvpublications.com\/de\/wp-json\/wp\/v2\/product_tag?post=22954"},{"taxonomy":"item","embeddable":true,"href":"https:\/\/mgvpublications.com\/de\/wp-json\/wp\/v2\/item?post=22954"}],"curies":[{"name":"wp","href":"https:\/\/api.w.org\/{rel}","templated":true}]}}