{"id":22950,"date":"2022-04-08T06:12:28","date_gmt":"2022-04-08T04:12:28","guid":{"rendered":"https:\/\/mgvpublications.com\/hatiralarim-musluman-kardesler\/"},"modified":"2024-02-06T22:11:47","modified_gmt":"2024-02-06T21:11:47","slug":"hatiralarim-musluman-kardesler","status":"publish","type":"product","link":"https:\/\/mgvpublications.com\/de\/hatiralarim-musluman-kardesler\/","title":{"rendered":"Hat\u0131ralar\u0131m \/ M\u00fcsl\u00fcman Karde\u015fler"},"content":{"rendered":"<p>\u00c7evirmen: M. Be\u015fir Eryarsoy<br \/>Yay\u0131n Tarihi: 01.01.2007<br \/>ISBN: 9786054041275<br \/>Dil: T\u00dcRK\u00c7E<br \/>Sayfa Say\u0131s\u0131: 455<br \/>Cilt Tipi: Karton Kapak<br \/>Ka\u011f\u0131t Cinsi: Kitap Ka\u011f\u0131d\u0131<br \/>Boyut: 13.5 x 21.5 cm<\/p>","protected":false},"excerpt":{"rendered":"<p>Karde\u015flerim! Sizler \u015fu ana kadar herhangi bir partiye ya da kurulu\u015fa kat\u0131lmad\u0131\u011f\u0131n\u0131z gibi, onlar\u0131n herhangi birisene d\u00fc\u015fmanca davranm\u0131\u015f da de\u011filsiniz. Sizler, Allah&#8217;\u0131n Rasul\u00fc&#8217;nden ba\u015fka bir \u00f6ndere uymu\u015f de\u011filsiniz, Allah&#8217;\u0131n Kitab\u0131&#8217;ndan ba\u015fka bir yol kabul edip be\u011fenmi\u015f de\u011filsiniz, \u0130slam&#8217;dan ba\u015fka bir ama\u00e7 da edinmi\u015f de\u011filsiniz. Kayzer&#8217;in hakk\u0131n\u0131 Kayzer&#8217;e, Allah&#8217;\u0131n hakk\u0131n\u0131 Allah&#8217;a ver diye bir \u00f6\u011freti yoktur \u0130slam&#8217;\u0131n \u00f6\u011fretileri aras\u0131nda. Aksine, \u0130slam&#8217;\u0131n \u00f6\u011fretileri aras\u0131nda olan \u015fudur: Kayzer&#8217;in kendisi de, Kayzer&#8217;e ait olanlarda, hepsi bir ve Kahhar olan Allah&#8217;\u0131nd\u0131r.<\/p>","protected":false},"featured_media":22949,"template":"","meta":{"spay_email":""},"product_cat":[174],"product_tag":[],"item":[496],"acf":[],"_links":{"self":[{"href":"https:\/\/mgvpublications.com\/de\/wp-json\/wp\/v2\/product\/22950"}],"collection":[{"href":"https:\/\/mgvpublications.com\/de\/wp-json\/wp\/v2\/product"}],"about":[{"href":"https:\/\/mgvpublications.com\/de\/wp-json\/wp\/v2\/types\/product"}],"wp:featuredmedia":[{"embeddable":true,"href":"https:\/\/mgvpublications.com\/de\/wp-json\/wp\/v2\/media\/22949"}],"wp:attachment":[{"href":"https:\/\/mgvpublications.com\/de\/wp-json\/wp\/v2\/media?parent=22950"}],"wp:term":[{"taxonomy":"product_cat","embeddable":true,"href":"https:\/\/mgvpublications.com\/de\/wp-json\/wp\/v2\/product_cat?post=22950"},{"taxonomy":"product_tag","embeddable":true,"href":"https:\/\/mgvpublications.com\/de\/wp-json\/wp\/v2\/product_tag?post=22950"},{"taxonomy":"item","embeddable":true,"href":"https:\/\/mgvpublications.com\/de\/wp-json\/wp\/v2\/item?post=22950"}],"curies":[{"name":"wp","href":"https:\/\/api.w.org\/{rel}","templated":true}]}}