{"id":22948,"date":"2022-04-08T06:12:27","date_gmt":"2022-04-08T04:12:27","guid":{"rendered":"https:\/\/mgvpublications.com\/bir-fikrim-var\/"},"modified":"2022-04-08T06:12:27","modified_gmt":"2022-04-08T04:12:27","slug":"bir-fikrim-var","status":"publish","type":"product","link":"https:\/\/mgvpublications.com\/de\/bir-fikrim-var\/","title":{"rendered":"Bir Fikrim Var"},"content":{"rendered":"<p>\u00c7evirmen: Gizem \u015eakar<br \/>Yay\u0131n Tarihi: 09.03.2022<br \/>ISBN: 9786050843934<br \/>Dil: T\u00dcRK\u00c7E<br \/>Sayfa Say\u0131s\u0131: 88<br \/>Cilt Tipi: Karton Kapak<br \/>Ka\u011f\u0131t Cinsi: Kitap Ka\u011f\u0131d\u0131<br \/>Boyut: 16.5 x 23.5 cm<br \/>Di\u011fer \u00d6zellik: 6 Ay-5 Ya\u015f<\/p>","protected":false},"excerpt":{"rendered":"<p>Bir fikir \u00f6nce sezgilerle belirir, i\u00e7imizde b\u00fcy\u00fcr. Bazen bizi h\u00fcsrana u\u011fratan yollara g\u00f6t\u00fcr\u00fcr ama kararl\u0131l\u0131kla ve denemekle \u2018fikir\u2019 tohumlar\u0131 filizlenir, b\u00fcy\u00fcr. \u00dcretmek b\u00f6yle bir \u015feydir. Reng\u00e2renk olan zorlu bir yolculuktur. \u00c7ocuklara ve de kalbi b\u00fcy\u00fck olan yeti\u015fkinlere hitap eden \u2018Bir Fikrim Var\u2019; hem metniyle hem de renk renk b\u00fcy\u00fcyen g\u00f6rselleriyle \u00fcretmenin pe\u015finden gidenlere bir ilham kitab\u0131.<\/p>","protected":false},"featured_media":22947,"template":"","meta":{"spay_email":""},"product_cat":[172],"product_tag":[],"item":[360],"acf":[],"_links":{"self":[{"href":"https:\/\/mgvpublications.com\/de\/wp-json\/wp\/v2\/product\/22948"}],"collection":[{"href":"https:\/\/mgvpublications.com\/de\/wp-json\/wp\/v2\/product"}],"about":[{"href":"https:\/\/mgvpublications.com\/de\/wp-json\/wp\/v2\/types\/product"}],"wp:featuredmedia":[{"embeddable":true,"href":"https:\/\/mgvpublications.com\/de\/wp-json\/wp\/v2\/media\/22947"}],"wp:attachment":[{"href":"https:\/\/mgvpublications.com\/de\/wp-json\/wp\/v2\/media?parent=22948"}],"wp:term":[{"taxonomy":"product_cat","embeddable":true,"href":"https:\/\/mgvpublications.com\/de\/wp-json\/wp\/v2\/product_cat?post=22948"},{"taxonomy":"product_tag","embeddable":true,"href":"https:\/\/mgvpublications.com\/de\/wp-json\/wp\/v2\/product_tag?post=22948"},{"taxonomy":"item","embeddable":true,"href":"https:\/\/mgvpublications.com\/de\/wp-json\/wp\/v2\/item?post=22948"}],"curies":[{"name":"wp","href":"https:\/\/api.w.org\/{rel}","templated":true}]}}