{"id":22940,"date":"2022-04-08T06:12:16","date_gmt":"2022-04-08T04:12:16","guid":{"rendered":"https:\/\/mgvpublications.com\/beni-bana-birakma-allahim\/"},"modified":"2022-04-08T06:12:16","modified_gmt":"2022-04-08T04:12:16","slug":"beni-bana-birakma-allahim","status":"publish","type":"product","link":"https:\/\/mgvpublications.com\/de\/beni-bana-birakma-allahim\/","title":{"rendered":"Beni Bana B\u0131rakma Allah&#8217;\u0131m"},"content":{"rendered":"<p>Yay\u0131n Tarihi: 15.03.2022<br \/>ISBN: 9786052692646<br \/>Dil: T\u00dcRK\u00c7E<br \/>Sayfa Say\u0131s\u0131: 160<br \/>Cilt Tipi: Karton Kapak<br \/>Ka\u011f\u0131t Cinsi: Kitap Ka\u011f\u0131d\u0131<br \/>Boyut: 13.5 x 19.5 cm<\/p>","protected":false},"excerpt":{"rendered":"<p>Bir Yusuf olamad\u0131m\u2026 D\u00fc\u015ft\u00fc\u011f\u00fcm derin kuyularda nura hasret kald\u0131m. Seni bulamad\u0131m, buldum zannettiklerimde kayboldum. G\u00f6lgelere \u00e2\u015f\u0131k olmaktan karanl\u0131kta kald\u0131m. K\u0131r\u0131k cam par\u00e7alar\u0131ndaki g\u00fcne\u015fe aldand\u0131m, yaraland\u0131 kalbim. Allah\u2019a \u0131smarlad\u0131k demediler, terk edildim. Yoruldum\u2026 Seni bulmam gerekirken ilk seni kaybettim. Sana teslim oluyorum; Senin se\u00e7ti\u011finde hay\u0131r vard\u0131r, biliyorum. Dikenli teller i\u00e7inde kalbim\u2026 Sen benim yerime se\u00e7er misin Allah\u2019\u0131m? Ve bana se\u00e7ti\u011fine r\u0131za g\u00f6steren bir kalp nasip eder misin Allah\u2019\u0131m? Ya Rab! Beni benden kurtar. Beni bana b\u0131rakma!<\/p>","protected":false},"featured_media":22939,"template":"","meta":{"spay_email":""},"product_cat":[168],"product_tag":[],"item":[379],"acf":[],"_links":{"self":[{"href":"https:\/\/mgvpublications.com\/de\/wp-json\/wp\/v2\/product\/22940"}],"collection":[{"href":"https:\/\/mgvpublications.com\/de\/wp-json\/wp\/v2\/product"}],"about":[{"href":"https:\/\/mgvpublications.com\/de\/wp-json\/wp\/v2\/types\/product"}],"wp:featuredmedia":[{"embeddable":true,"href":"https:\/\/mgvpublications.com\/de\/wp-json\/wp\/v2\/media\/22939"}],"wp:attachment":[{"href":"https:\/\/mgvpublications.com\/de\/wp-json\/wp\/v2\/media?parent=22940"}],"wp:term":[{"taxonomy":"product_cat","embeddable":true,"href":"https:\/\/mgvpublications.com\/de\/wp-json\/wp\/v2\/product_cat?post=22940"},{"taxonomy":"product_tag","embeddable":true,"href":"https:\/\/mgvpublications.com\/de\/wp-json\/wp\/v2\/product_tag?post=22940"},{"taxonomy":"item","embeddable":true,"href":"https:\/\/mgvpublications.com\/de\/wp-json\/wp\/v2\/item?post=22940"}],"curies":[{"name":"wp","href":"https:\/\/api.w.org\/{rel}","templated":true}]}}